{"id":991,"date":"2015-10-16T13:13:10","date_gmt":"2015-10-16T11:13:10","guid":{"rendered":"https:\/\/www.cobelen.es\/es\/?page_id=991"},"modified":"2015-10-19T17:50:39","modified_gmt":"2015-10-19T15:50:39","slug":"pizza-champinones-aceitunas-negras","status":"publish","type":"page","link":"https:\/\/www.cobelen.es\/es\/vida-sana\/recetas\/pizza-champinones-aceitunas-negras\/","title":{"rendered":"Pizza de champi\u00f1ones y aceitunas negras"},"content":{"rendered":"<div class=\"one_half\"><img loading=\"lazy\" decoding=\"async\" class=\"aligncenter wp-image-993 size-full\" src=\"https:\/\/www.cobelen.es\/es\/wp-content\/uploads\/2015\/10\/Pizza-de-champi\u00f1ones-con-aceitunas-negras.jpg\" alt=\"\" width=\"550\" height=\"385\" srcset=\"https:\/\/www.cobelen.es\/es\/wp-content\/uploads\/2015\/10\/Pizza-de-champi\u00f1ones-con-aceitunas-negras.jpg 550w, https:\/\/www.cobelen.es\/es\/wp-content\/uploads\/2015\/10\/Pizza-de-champi\u00f1ones-con-aceitunas-negras-300x210.jpg 300w\" sizes=\"(max-width: 550px) 100vw, 550px\" \/><\/div>\n<div class=\"one_half last\">\n<h3>Ingredientes (relleno)<\/h3>\n<ul>\n<li>150 ml de salsa de tomate.<\/li>\n<li>150 g de queso mozzarella rallado.<\/li>\n<li>2 cebollas grandes.<\/li>\n<li>1 lata de champi\u00f1ones escurridos.<\/li>\n<li>Una pizca de sal.<\/li>\n<li>Una pizca de pimienta.<\/li>\n<li>Aceitunas negras sin hueso de Cobel\u00e9n.<\/li>\n<li>50 ml de aceite de oliva.<\/li>\n<li>100 g de queso parmesano rallado.<\/li>\n<\/ul>\n<\/div>\n<div class=\"clear\"><\/div>\n<div class=\"margen-1\"><\/div>\n<h3>Ingredientes (para la masa)<\/h3>\n<ul>\n<li>250 g de harina.<\/li>\n<li>15 g de levadura prensada.<\/li>\n<li>125 ml de agua natural.<\/li>\n<li>Una pizca de sal.<\/li>\n<li>1 cucharadita de aceite.<\/li>\n<\/ul>\n<h3>Preparaci\u00f3n<\/h3>\n<p>En cuanto a la masa, hemos facilitado los ingredientes para hacer una masa de pizza casera, pero lo dejamos a vuestra elecci\u00f3n.<\/ul>\n<p>Lo primero que hay que hacer para elaborar esta `Pizza de champi\u00f1ones con aceitunas negras\u00b4 es coger una sart\u00e9n, poner el aceite a calentar y rehogar la cebolla previamente cortada en juliana. A continuaci\u00f3n se a\u00f1aden los chapi\u00f1ones cortados en l\u00e1minas. Se cocina todo a fuego lento hasta que est\u00e9 dorado.<\/p>\n<p>Una vez que est\u00e9 listo, apaga el fuego y \u00e9chale sal y pimienta al gusto. Posteriormente, cubre la base de la pizza con la la salsa de tomate, espolvorea el queso mozzarella, incorpora la cebolla y los champi\u00f1ones rehogados, a\u00f1ade el queso parmesano y, por \u00faltimo, dale el toque con unas aceitunas negras y verdes de Cobel\u00e9n (las tenemos tambi\u00e9n en rodajas).<\/p>\n<p>Introduce la pizza en el horno unos 15-20 minutos y s\u00edrvela.<\/p>\n<p style=\"text-align: right;\">Fuente e imagen: <a href=\"http:\/\/www.entornointeligente.com\/articulo\/7031630\/VENEZUELA-Pizza-casera-de-champinones-y-aceitunas-negras-ideal-para-compartir\" target=\"_blank\">Entorno Inteligente<\/a><\/p>\n","protected":false},"excerpt":{"rendered":"<p>Ingredientes (relleno) 150 ml de salsa de tomate. 150 g de queso mozzarella rallado. 2 cebollas grandes. 1 lata de champi\u00f1ones escurridos. Una pizca de sal. Una pizca de pimienta. Aceitunas negras sin hueso de Cobel\u00e9n. 50 ml de aceite de oliva. 100 g de queso parmesano rallado. Ingredientes (para la masa) 250 g de [&hellip;]<\/p>\n","protected":false},"author":27,"featured_media":0,"parent":356,"menu_order":0,"comment_status":"open","ping_status":"open","template":"","meta":{"_bbp_topic_count":0,"_bbp_reply_count":0,"_bbp_total_topic_count":0,"_bbp_total_reply_count":0,"_bbp_voice_count":0,"_bbp_anonymous_reply_count":0,"_bbp_topic_count_hidden":0,"_bbp_reply_count_hidden":0,"_bbp_forum_subforum_count":0,"footnotes":""},"class_list":["post-991","page","type-page","status-publish","hentry"],"_links":{"self":[{"href":"https:\/\/www.cobelen.es\/es\/wp-json\/wp\/v2\/pages\/991"}],"collection":[{"href":"https:\/\/www.cobelen.es\/es\/wp-json\/wp\/v2\/pages"}],"about":[{"href":"https:\/\/www.cobelen.es\/es\/wp-json\/wp\/v2\/types\/page"}],"author":[{"embeddable":true,"href":"https:\/\/www.cobelen.es\/es\/wp-json\/wp\/v2\/users\/27"}],"replies":[{"embeddable":true,"href":"https:\/\/www.cobelen.es\/es\/wp-json\/wp\/v2\/comments?post=991"}],"version-history":[{"count":3,"href":"https:\/\/www.cobelen.es\/es\/wp-json\/wp\/v2\/pages\/991\/revisions"}],"predecessor-version":[{"id":994,"href":"https:\/\/www.cobelen.es\/es\/wp-json\/wp\/v2\/pages\/991\/revisions\/994"}],"up":[{"embeddable":true,"href":"https:\/\/www.cobelen.es\/es\/wp-json\/wp\/v2\/pages\/356"}],"wp:attachment":[{"href":"https:\/\/www.cobelen.es\/es\/wp-json\/wp\/v2\/media?parent=991"}],"curies":[{"name":"wp","href":"https:\/\/api.w.org\/{rel}","templated":true}]}}