{"id":907,"date":"2015-09-03T15:57:23","date_gmt":"2015-09-03T13:57:23","guid":{"rendered":"https:\/\/www.cobelen.es\/es\/?page_id=907"},"modified":"2015-09-03T16:06:59","modified_gmt":"2015-09-03T14:06:59","slug":"dorada-al-horno-aceitunas-alcaparras-tomates-cherry","status":"publish","type":"page","link":"https:\/\/www.cobelen.es\/es\/vida-sana\/recetas\/dorada-al-horno-aceitunas-alcaparras-tomates-cherry\/","title":{"rendered":"Dorada al horno con aceitunas, alcaparras y tomates cherry"},"content":{"rendered":"<div class=\"one_half\"><img loading=\"lazy\" decoding=\"async\" class=\"aligncenter wp-image-908 size-full\" src=\"https:\/\/www.cobelen.es\/es\/wp-content\/uploads\/2015\/09\/Receta-dorada-al-horno-con-aceitunas-e1441288622473.jpg\" alt=\"\" width=\"550\" height=\"385\" \/><\/div>\n<div class=\"one_half last\">\n<h3>Ingredientes<\/h3>\n<ul>\n<li>2 lomos de dorada.<\/li>\n<li>2 Cebollas picadas.<\/li>\n<li>50 gramos de aceitunas negras Cobel\u00e9n.<\/li>\n<li>50 gramos de aceitunas verdes Cobel\u00e9n.<\/li>\n<li>150 gramos de tomates cherry.<\/li>\n<li>2 cucharadas de alcaparras,<\/li>\n<li>1 cucharada de salsa de soja.<\/li>\n<li>1 cucharadita de or\u00e9gano.<\/li>\n<li>Aceite de oliva virgen.<\/li>\n<li>Sal.<\/li>\n<li>Pimienta.<\/li>\n<\/ul>\n<\/div>\n<div class=\"clear\"><\/div>\n<div class=\"margen-1\"><\/div>\n<h3>Preparaci\u00f3n<\/h3>\n<p>Lo primero que hay que hacer es cortar las aceitunas en rodajas muy finas. Por su parte, los tomates se parten por la mitad. A continuaci\u00f3n, en una sart\u00e9n con aceite de oliva se rehoga la cebolla previamente picada. Una vez que empiece a pocharse, se a\u00f1aden los tomates y las aceitunas.<\/p>\n<p>Posteriormente se agrega la salsa de soja. Dejar rehogar durante 5 minutos. Por \u00faltimo se vierten las alcaparras y el or\u00e9gano.<\/p>\n<p>El horno hay que precalentarlo a 200 \u00baC. Seguidamente, se marcan los lomos de dorada en una plancha, se les hecha sal y pimienta al gusto y se cocina al horno durante 7-10 minutos aproximadamente.<\/p>\n<p>Para terminar, se sirven los lomos de dorada con las verduras como guarnici\u00f3n.<\/p>\n<p style=\"text-align: right;\">Fuente e imagen: <a href=\"http:\/\/canalcocina.es\/receta\/dorada-al-horno-con-aceitunas-alcaparras-y-tomates-cherry\" target=\"_blank\">Canal Cocina<\/a><\/p>\n","protected":false},"excerpt":{"rendered":"<p>Ingredientes 2 lomos de dorada. 2 Cebollas picadas. 50 gramos de aceitunas negras Cobel\u00e9n. 50 gramos de aceitunas verdes Cobel\u00e9n. 150 gramos de tomates cherry. 2 cucharadas de alcaparras, 1 cucharada de salsa de soja. 1 cucharadita de or\u00e9gano. Aceite de oliva virgen. Sal. Pimienta. Preparaci\u00f3n Lo primero que hay que hacer es cortar las [&hellip;]<\/p>\n","protected":false},"author":27,"featured_media":0,"parent":356,"menu_order":0,"comment_status":"open","ping_status":"open","template":"","meta":{"_bbp_topic_count":0,"_bbp_reply_count":0,"_bbp_total_topic_count":0,"_bbp_total_reply_count":0,"_bbp_voice_count":0,"_bbp_anonymous_reply_count":0,"_bbp_topic_count_hidden":0,"_bbp_reply_count_hidden":0,"_bbp_forum_subforum_count":0,"footnotes":""},"class_list":["post-907","page","type-page","status-publish","hentry"],"_links":{"self":[{"href":"https:\/\/www.cobelen.es\/es\/wp-json\/wp\/v2\/pages\/907"}],"collection":[{"href":"https:\/\/www.cobelen.es\/es\/wp-json\/wp\/v2\/pages"}],"about":[{"href":"https:\/\/www.cobelen.es\/es\/wp-json\/wp\/v2\/types\/page"}],"author":[{"embeddable":true,"href":"https:\/\/www.cobelen.es\/es\/wp-json\/wp\/v2\/users\/27"}],"replies":[{"embeddable":true,"href":"https:\/\/www.cobelen.es\/es\/wp-json\/wp\/v2\/comments?post=907"}],"version-history":[{"count":5,"href":"https:\/\/www.cobelen.es\/es\/wp-json\/wp\/v2\/pages\/907\/revisions"}],"predecessor-version":[{"id":910,"href":"https:\/\/www.cobelen.es\/es\/wp-json\/wp\/v2\/pages\/907\/revisions\/910"}],"up":[{"embeddable":true,"href":"https:\/\/www.cobelen.es\/es\/wp-json\/wp\/v2\/pages\/356"}],"wp:attachment":[{"href":"https:\/\/www.cobelen.es\/es\/wp-json\/wp\/v2\/media?parent=907"}],"curies":[{"name":"wp","href":"https:\/\/api.w.org\/{rel}","templated":true}]}}