{"id":752,"date":"2015-05-27T18:02:13","date_gmt":"2015-05-27T16:02:13","guid":{"rendered":"https:\/\/www.cobelen.es\/es\/?page_id=752"},"modified":"2015-05-28T10:12:11","modified_gmt":"2015-05-28T08:12:11","slug":"salmon-con-aceitunas-negras-y-tomates-cherry","status":"publish","type":"page","link":"https:\/\/www.cobelen.es\/es\/vida-sana\/recetas\/salmon-con-aceitunas-negras-y-tomates-cherry\/","title":{"rendered":"Salm\u00f3n con aceitunas negras y tomates cherry"},"content":{"rendered":"<div class=\"one_half\"><img loading=\"lazy\" decoding=\"async\" class=\"alignleft wp-image-757 size-full\" src=\"https:\/\/www.cobelen.es\/es\/wp-content\/uploads\/2015\/05\/receta-salmon-con-aceitunas.jpg\" alt=\"\" width=\"650\" height=\"455\" srcset=\"https:\/\/www.cobelen.es\/es\/wp-content\/uploads\/2015\/05\/receta-salmon-con-aceitunas.jpg 650w, https:\/\/www.cobelen.es\/es\/wp-content\/uploads\/2015\/05\/receta-salmon-con-aceitunas-300x210.jpg 300w\" sizes=\"(max-width: 650px) 100vw, 650px\" \/><\/div>\n<div class=\"one_half last\">\n<h3>Ingredientes<\/h3>\n<ul>\n<li>200 gramos de salm\u00f3n<\/li>\n<li>12 aceitunas negras Cobel\u00e9n<\/li>\n<li>10 tomates cherry<\/li>\n<li>1 cucharita de tomillo<\/li>\n<li>1 ramita de tomillo<\/li>\n<li>Media cebolla blanca<\/li>\n<li>2 cucharas soperas de crema agria<\/li>\n<li>Sal y pimienta negra molida<\/li>\n<\/ul>\n<\/div>\n<div class=\"clear\"><\/div>\n<div class=\"margen-1\"><\/div>\n<h3>Preparaci\u00f3n<\/h3>\n<p>Lo primero que hay que hacer es calentar un poco de aceite de oliva (unas gotas) en una sart\u00e9n y colocar encima el filete de salm\u00f3n con la piel hacia abajo. El salm\u00f3n debe ser sellado a fuego medio durante un par de minutos por ambos lados.<\/p>\n<p>A continuaci\u00f3n se pica la cebolla muy fina y se une con la crema agria. La mezcla se vierte en una fuente para horno y se coloca tambi\u00e9n el filete de salm\u00f3n encima. Por \u00faltimo se a\u00f1aden las aceitunas y los tomates.<\/p>\n<p>Finalmente sazonar al gusto con sal, pimienta negra y tomillo. Coloca, como toque, una ramita de tomillo y ponlo en el horno caliente durante unos 25 minutos aproximadamente.<\/p>\n<p>&nbsp;<\/p>\n<p style=\"text-align: right;\">Fuente e imagen: <a href=\"http:\/\/www.directoalpaladar.com\/recetas-de-pescados-y-mariscos\/salmon-con-aceitunas-negras-y-tomates-cherry-receta\" target=\"_blank\">Directo al Paladar<\/a><\/p>\n<p style=\"text-align: right;\">Imagen: Philippe Saez<\/p>\n","protected":false},"excerpt":{"rendered":"<p>Ingredientes 200 gramos de salm\u00f3n 12 aceitunas negras Cobel\u00e9n 10 tomates cherry 1 cucharita de tomillo 1 ramita de tomillo Media cebolla blanca 2 cucharas soperas de crema agria Sal y pimienta negra molida Preparaci\u00f3n Lo primero que hay que hacer es calentar un poco de aceite de oliva (unas gotas) en una sart\u00e9n y [&hellip;]<\/p>\n","protected":false},"author":27,"featured_media":0,"parent":356,"menu_order":0,"comment_status":"open","ping_status":"open","template":"","meta":{"_bbp_topic_count":0,"_bbp_reply_count":0,"_bbp_total_topic_count":0,"_bbp_total_reply_count":0,"_bbp_voice_count":0,"_bbp_anonymous_reply_count":0,"_bbp_topic_count_hidden":0,"_bbp_reply_count_hidden":0,"_bbp_forum_subforum_count":0,"footnotes":""},"class_list":["post-752","page","type-page","status-publish","hentry"],"_links":{"self":[{"href":"https:\/\/www.cobelen.es\/es\/wp-json\/wp\/v2\/pages\/752"}],"collection":[{"href":"https:\/\/www.cobelen.es\/es\/wp-json\/wp\/v2\/pages"}],"about":[{"href":"https:\/\/www.cobelen.es\/es\/wp-json\/wp\/v2\/types\/page"}],"author":[{"embeddable":true,"href":"https:\/\/www.cobelen.es\/es\/wp-json\/wp\/v2\/users\/27"}],"replies":[{"embeddable":true,"href":"https:\/\/www.cobelen.es\/es\/wp-json\/wp\/v2\/comments?post=752"}],"version-history":[{"count":5,"href":"https:\/\/www.cobelen.es\/es\/wp-json\/wp\/v2\/pages\/752\/revisions"}],"predecessor-version":[{"id":754,"href":"https:\/\/www.cobelen.es\/es\/wp-json\/wp\/v2\/pages\/752\/revisions\/754"}],"up":[{"embeddable":true,"href":"https:\/\/www.cobelen.es\/es\/wp-json\/wp\/v2\/pages\/356"}],"wp:attachment":[{"href":"https:\/\/www.cobelen.es\/es\/wp-json\/wp\/v2\/media?parent=752"}],"curies":[{"name":"wp","href":"https:\/\/api.w.org\/{rel}","templated":true}]}}