{"id":498,"date":"2015-02-18T16:33:03","date_gmt":"2015-02-18T15:33:03","guid":{"rendered":"https:\/\/www.cobelen.es\/es\/?page_id=498"},"modified":"2015-02-25T09:27:36","modified_gmt":"2015-02-25T08:27:36","slug":"pate-de-aceitunas","status":"publish","type":"page","link":"https:\/\/www.cobelen.es\/es\/vida-sana\/recetas\/pate-de-aceitunas\/","title":{"rendered":"Pat\u00e9 de aceitunas"},"content":{"rendered":"<div class=\"one_half\"><img loading=\"lazy\" decoding=\"async\" width=\"550\" height=\"385\" class=\"aligncenter size-full wp-image-509\" src=\"https:\/\/www.cobelen.es\/es\/wp-content\/uploads\/2015\/02\/pate-aceitunas.jpg\" alt=\"pate-aceitunas\" srcset=\"https:\/\/www.cobelen.es\/es\/wp-content\/uploads\/2015\/02\/pate-aceitunas.jpg 550w, https:\/\/www.cobelen.es\/es\/wp-content\/uploads\/2015\/02\/pate-aceitunas-300x210.jpg 300w\" sizes=\"(max-width: 550px) 100vw, 550px\" \/><\/div>\n<div class=\"one_half last\">\n<h3>Ingredientes<\/h3>\n<ul>\n<li>100 gramos de aceitunas negras Cobel\u00e9n<\/li>\n<li>1 diente de ajo<\/li>\n<li>1 \u00bd cucharada de tomillo<\/li>\n<li>1 \u00bd cucharada de romero<\/li>\n<li>1 cucharadita de alcaparras<\/li>\n<li>1 cucharadita de anchoas<\/li>\n<\/ul>\n<\/div>\n<div class=\"clear\"><\/div>\n<div class=\"margen-1\"><\/div>\n<h3>Preparaci\u00f3n<\/h3>\n<p>Esta receta es sumamente f\u00e1cil y sencilla para cualquier ocasi\u00f3n. Tan s\u00f3lo hay que triturar todos los ingredientes y luego licuarlos con un chorrito de aceite de oliva.<\/p>\n<p>Se trata de un aperitivo o acompa\u00f1amiento perfecto para cualquier comida o plato.<\/p>\n<p>&nbsp;<\/p>\n<p style=\"text-align: right;\">Fuente e imagen:\u00a0<a href=\"http:\/\/www.cocinatipo.com\/general\/ingredientes\/recetas-con-aceitunas\" target=\"_blank\">Cocina Tipo<\/a><\/p>\n","protected":false},"excerpt":{"rendered":"<p>Ingredientes 100 gramos de aceitunas negras Cobel\u00e9n 1 diente de ajo 1 \u00bd cucharada de tomillo 1 \u00bd cucharada de romero 1 cucharadita de alcaparras 1 cucharadita de anchoas Preparaci\u00f3n Esta receta es sumamente f\u00e1cil y sencilla para cualquier ocasi\u00f3n. Tan s\u00f3lo hay que triturar todos los ingredientes y luego licuarlos con un chorrito de [&hellip;]<\/p>\n","protected":false},"author":27,"featured_media":0,"parent":356,"menu_order":0,"comment_status":"closed","ping_status":"closed","template":"","meta":{"_bbp_topic_count":0,"_bbp_reply_count":0,"_bbp_total_topic_count":0,"_bbp_total_reply_count":0,"_bbp_voice_count":0,"_bbp_anonymous_reply_count":0,"_bbp_topic_count_hidden":0,"_bbp_reply_count_hidden":0,"_bbp_forum_subforum_count":0,"footnotes":""},"class_list":["post-498","page","type-page","status-publish","hentry"],"_links":{"self":[{"href":"https:\/\/www.cobelen.es\/es\/wp-json\/wp\/v2\/pages\/498"}],"collection":[{"href":"https:\/\/www.cobelen.es\/es\/wp-json\/wp\/v2\/pages"}],"about":[{"href":"https:\/\/www.cobelen.es\/es\/wp-json\/wp\/v2\/types\/page"}],"author":[{"embeddable":true,"href":"https:\/\/www.cobelen.es\/es\/wp-json\/wp\/v2\/users\/27"}],"replies":[{"embeddable":true,"href":"https:\/\/www.cobelen.es\/es\/wp-json\/wp\/v2\/comments?post=498"}],"version-history":[{"count":3,"href":"https:\/\/www.cobelen.es\/es\/wp-json\/wp\/v2\/pages\/498\/revisions"}],"predecessor-version":[{"id":641,"href":"https:\/\/www.cobelen.es\/es\/wp-json\/wp\/v2\/pages\/498\/revisions\/641"}],"up":[{"embeddable":true,"href":"https:\/\/www.cobelen.es\/es\/wp-json\/wp\/v2\/pages\/356"}],"wp:attachment":[{"href":"https:\/\/www.cobelen.es\/es\/wp-json\/wp\/v2\/media?parent=498"}],"curies":[{"name":"wp","href":"https:\/\/api.w.org\/{rel}","templated":true}]}}