{"id":494,"date":"2015-02-18T16:32:08","date_gmt":"2015-02-18T15:32:08","guid":{"rendered":"https:\/\/www.cobelen.es\/es\/?page_id=494"},"modified":"2015-02-25T09:29:53","modified_gmt":"2015-02-25T08:29:53","slug":"panecillo-de-jamon-serrano-y-aceitunas","status":"publish","type":"page","link":"https:\/\/www.cobelen.es\/es\/vida-sana\/recetas\/panecillo-de-jamon-serrano-y-aceitunas\/","title":{"rendered":"Panecillo de Jam\u00f3n Serrano y Aceitunas"},"content":{"rendered":"<div class=\"one_half\"><img loading=\"lazy\" decoding=\"async\" width=\"550\" height=\"385\" class=\"aligncenter size-full wp-image-507\" src=\"https:\/\/www.cobelen.es\/es\/wp-content\/uploads\/2015\/02\/panecillo-jamon.jpg\" alt=\"panecillo-jamon\" srcset=\"https:\/\/www.cobelen.es\/es\/wp-content\/uploads\/2015\/02\/panecillo-jamon.jpg 550w, https:\/\/www.cobelen.es\/es\/wp-content\/uploads\/2015\/02\/panecillo-jamon-300x210.jpg 300w\" sizes=\"(max-width: 550px) 100vw, 550px\" \/><\/div>\n<div class=\"one_half last\">\n<h3>Ingredientes<\/h3>\n<ul>\n<li>1 baguette<\/li>\n<li>8 cucharaditas de aceite de oliva virgen extra<\/li>\n<li>4 dientes de ajo<\/li>\n<li>250 gramos de jam\u00f3n<\/li>\n<li>Aceitunas de mesa Cobel\u00e9n deshuesadas<\/li>\n<li>Alcaparras<\/li>\n<\/ul>\n<\/div>\n<div class=\"clear\"><\/div>\n<div class=\"margen-1\"><\/div>\n<h3>Preparaci\u00f3n<\/h3>\n<p>Lo primero que hay que hacer es cortar el pan en rodajas de tres cent\u00edmetros, aproximadamente.<\/p>\n<p>A continuaci\u00f3n cocine las rebanadas en el horno en torno a cinco minutos.<\/p>\n<p>Embadurna con ajo los panes para que obtengan un buen sabor.<\/p>\n<p>Coge un pan y coloque sobre \u00e9l el jam\u00f3n serrano, las alcaparras y las aceitunas al gusto.<\/p>\n<p>Finalmente, agrega aceite de oliva por encima y \u00a1disfruta!<\/p>\n<p>&nbsp;<\/p>\n<p style=\"text-align: right;\">Fuente e imagen:\u00a0<a href=\"http:\/\/www.kiwilimon.com\/receta\/botanas\/tapas-de-jamon-serrano-y-aceitunas\" target=\"_blank\">Kiwilim\u00f3n<\/a><\/p>\n","protected":false},"excerpt":{"rendered":"<p>Ingredientes 1 baguette 8 cucharaditas de aceite de oliva virgen extra 4 dientes de ajo 250 gramos de jam\u00f3n Aceitunas de mesa Cobel\u00e9n deshuesadas Alcaparras Preparaci\u00f3n Lo primero que hay que hacer es cortar el pan en rodajas de tres cent\u00edmetros, aproximadamente. A continuaci\u00f3n cocine las rebanadas en el horno en torno a cinco minutos. [&hellip;]<\/p>\n","protected":false},"author":27,"featured_media":0,"parent":356,"menu_order":0,"comment_status":"closed","ping_status":"closed","template":"","meta":{"_bbp_topic_count":0,"_bbp_reply_count":0,"_bbp_total_topic_count":0,"_bbp_total_reply_count":0,"_bbp_voice_count":0,"_bbp_anonymous_reply_count":0,"_bbp_topic_count_hidden":0,"_bbp_reply_count_hidden":0,"_bbp_forum_subforum_count":0,"footnotes":""},"class_list":["post-494","page","type-page","status-publish","hentry"],"_links":{"self":[{"href":"https:\/\/www.cobelen.es\/es\/wp-json\/wp\/v2\/pages\/494"}],"collection":[{"href":"https:\/\/www.cobelen.es\/es\/wp-json\/wp\/v2\/pages"}],"about":[{"href":"https:\/\/www.cobelen.es\/es\/wp-json\/wp\/v2\/types\/page"}],"author":[{"embeddable":true,"href":"https:\/\/www.cobelen.es\/es\/wp-json\/wp\/v2\/users\/27"}],"replies":[{"embeddable":true,"href":"https:\/\/www.cobelen.es\/es\/wp-json\/wp\/v2\/comments?post=494"}],"version-history":[{"count":4,"href":"https:\/\/www.cobelen.es\/es\/wp-json\/wp\/v2\/pages\/494\/revisions"}],"predecessor-version":[{"id":642,"href":"https:\/\/www.cobelen.es\/es\/wp-json\/wp\/v2\/pages\/494\/revisions\/642"}],"up":[{"embeddable":true,"href":"https:\/\/www.cobelen.es\/es\/wp-json\/wp\/v2\/pages\/356"}],"wp:attachment":[{"href":"https:\/\/www.cobelen.es\/es\/wp-json\/wp\/v2\/media?parent=494"}],"curies":[{"name":"wp","href":"https:\/\/api.w.org\/{rel}","templated":true}]}}