{"id":1915,"date":"2018-04-05T12:54:45","date_gmt":"2018-04-05T10:54:45","guid":{"rendered":"https:\/\/www.cobelen.es\/es\/?page_id=1915"},"modified":"2018-04-05T12:54:46","modified_gmt":"2018-04-05T10:54:46","slug":"dados-lomo-guarnicion-pimientos-aceitunas","status":"publish","type":"page","link":"https:\/\/www.cobelen.es\/es\/vida-sana\/recetas\/dados-lomo-guarnicion-pimientos-aceitunas\/","title":{"rendered":"Dados de lomo con guarnici\u00f3n de pimientos y aceitunas"},"content":{"rendered":"<div class=\"one_half\"><img loading=\"lazy\" decoding=\"async\" class=\"aligncenter wp-image-1054 size-full\" src=\"https:\/\/www.cobelen.es\/es\/wp-content\/uploads\/2018\/04\/1-lomo.png\" alt=\"Dados de lomo con guarnici\u00f3n de pimientos y aceitunas\" width=\"550\" height=\"385\" \/><\/div>\n<div class=\"one_half last\">\n<h3>Ingredientes<\/h3>\n<ul>\n<li>500 gr. de lomo de cerdo<\/li>\n<li>1 zanahora<\/li>\n<li>1 cebolla<\/li>\n<li>1 diente de ajo<\/li>\n<li>1 cucharada de piment\u00f3n dulce<\/li>\n<li>3 cucharadas de sal<\/li>\n<li>2 cucharadas de aceite de oliva<\/li>\n<li>50 ml. de agua<\/li>\n<li>50 ml. de vino blanco<\/li>\n<li>75 gr. de aceitunas deshuesadas<\/li>\n<li>100 gr. de pimientos asados<\/li>\n<\/ul>\n<\/div>\n<div class=\"clear\"><\/div>\n<div class=\"margen-1\"><\/div>\n<h3>Preparaci\u00f3n<\/h3>\n<p>Se pican muy fino tanto la cebolla como el ajo y la zanahoria. Todo esto se a\u00f1ade en una cazuela con aceite y se deja hacer a fuego medio unos diez minutos. Pasado este tiempo a\u00f1adimos el lomo partido en dados, lo rehogamos bien y le ponemos sal y piment\u00f3n.<\/p>\n<p>A\u00f1adimos el agua y el vino para dejar hacerse a fuego medio\/alto durante unos 25 minutos y empl\u00e1talo con una guarnici\u00f3n de aceitunas y pimientos.<\/p>\n<p style=\"text-align: right;\">Fuente: <a href=\"http:\/\/lasrecetasdenoelia.blogspot.com.es\/2014\/11\/dados-de-lomo-con-guarnicion-de.html\" rel=\"noopener\">Las recetas de Noelia<\/a><\/p>\n","protected":false},"excerpt":{"rendered":"<p>Ingredientes 500 gr. de lomo de cerdo 1 zanahora 1 cebolla 1 diente de ajo 1 cucharada de piment\u00f3n dulce 3 cucharadas de sal 2 cucharadas de aceite de oliva 50 ml. de agua 50 ml. de vino blanco 75 gr. de aceitunas deshuesadas 100 gr. de pimientos asados Preparaci\u00f3n Se pican muy fino tanto [&hellip;]<\/p>\n","protected":false},"author":27,"featured_media":0,"parent":356,"menu_order":0,"comment_status":"closed","ping_status":"closed","template":"","meta":{"_bbp_topic_count":0,"_bbp_reply_count":0,"_bbp_total_topic_count":0,"_bbp_total_reply_count":0,"_bbp_voice_count":0,"_bbp_anonymous_reply_count":0,"_bbp_topic_count_hidden":0,"_bbp_reply_count_hidden":0,"_bbp_forum_subforum_count":0,"footnotes":""},"class_list":["post-1915","page","type-page","status-publish","hentry"],"_links":{"self":[{"href":"https:\/\/www.cobelen.es\/es\/wp-json\/wp\/v2\/pages\/1915"}],"collection":[{"href":"https:\/\/www.cobelen.es\/es\/wp-json\/wp\/v2\/pages"}],"about":[{"href":"https:\/\/www.cobelen.es\/es\/wp-json\/wp\/v2\/types\/page"}],"author":[{"embeddable":true,"href":"https:\/\/www.cobelen.es\/es\/wp-json\/wp\/v2\/users\/27"}],"replies":[{"embeddable":true,"href":"https:\/\/www.cobelen.es\/es\/wp-json\/wp\/v2\/comments?post=1915"}],"version-history":[{"count":3,"href":"https:\/\/www.cobelen.es\/es\/wp-json\/wp\/v2\/pages\/1915\/revisions"}],"predecessor-version":[{"id":1919,"href":"https:\/\/www.cobelen.es\/es\/wp-json\/wp\/v2\/pages\/1915\/revisions\/1919"}],"up":[{"embeddable":true,"href":"https:\/\/www.cobelen.es\/es\/wp-json\/wp\/v2\/pages\/356"}],"wp:attachment":[{"href":"https:\/\/www.cobelen.es\/es\/wp-json\/wp\/v2\/media?parent=1915"}],"curies":[{"name":"wp","href":"https:\/\/api.w.org\/{rel}","templated":true}]}}