{"id":1880,"date":"2018-02-21T13:11:41","date_gmt":"2018-02-21T12:11:41","guid":{"rendered":"https:\/\/www.cobelen.es\/es\/?page_id=1880"},"modified":"2018-02-21T13:14:11","modified_gmt":"2018-02-21T12:14:11","slug":"tortitas-maiz-anchoas-aceitunas","status":"publish","type":"page","link":"https:\/\/www.cobelen.es\/es\/vida-sana\/recetas\/tortitas-maiz-anchoas-aceitunas\/","title":{"rendered":"Tortitas de ma\u00edz con anchoas y aceitunas"},"content":{"rendered":"<div class=\"one_half\"><img loading=\"lazy\" decoding=\"async\" class=\"aligncenter wp-image-1054 size-full\" src=\"https:\/\/www.cobelen.es\/es\/wp-content\/uploads\/2018\/02\/Aceitu.png\" alt=\"Tortitas-de-ma\u00edz-con-anchoas-y-aceitunas\" width=\"550\" height=\"385\" \/><\/div>\n<div class=\"one_half last\">\n<h3>Ingredientes<\/h3>\n<ul>\n<li>10 aceitunas negras deshuesadas<\/li>\n<li>1 tomate<\/li>\n<li>2 o 3 cucharadas de aceite de oliva virgen<\/li>\n<li>Or\u00e9gano<\/li>\n<li>Sal y pimienta<\/li>\n<li>Anchoas<\/li>\n<li>Cebollino<\/li>\n<li>75 gramos de harina de ma\u00edz<\/li>\n<li>25 gramos de harina de trigo<\/li>\n<li>Dos cucharadas soperas de aceite de oliva virgens<\/li>\n<li>Agua<\/li>\n<\/ul>\n<\/div>\n<div class=\"clear\"><\/div>\n<div class=\"margen-1\"><\/div>\n<h3>Preparaci\u00f3n<\/h3>\n<p>Mezcla las harinas de trigo y de ma\u00edz y a\u00f1\u00e1deles sal y un poco de agua. Amasa la mezcla hasta que no se pegue en las manos y hasta que, al meter el dedo, no se deforme. Deja reposar.<\/p>\n<p>Forma peque\u00f1a bolitas de masa y apl\u00e1stalas con las yemas de los dedos, pasando de una mano a otra. Fr\u00ede en una sart\u00e9n con un poco de aceite de oliva y reserva.<\/p>\n<p>Ralla el tomate y mezcla con aceite, or\u00e9gano, sal y pimienta. Desala las anchoas en agua unos minutos y sirve las tortas con anchoas encima, una cucharada de aceite de tomate y rodajas de aceitunas. Adorna con cebollino.<\/p>\n<p style=\"text-align: right;\">Fuente: <a href=\"https:\/\/www.conmuchagula.com\/tortitas-de-maiz-con-anchoas-y-aceitunas\/\" target=\"_blank\" rel=\"noopener\">Con mucha gula<\/a><\/p>\n","protected":false},"excerpt":{"rendered":"<p>Ingredientes 10 aceitunas negras deshuesadas 1 tomate 2 o 3 cucharadas de aceite de oliva virgen Or\u00e9gano Sal y pimienta Anchoas Cebollino 75 gramos de harina de ma\u00edz 25 gramos de harina de trigo Dos cucharadas soperas de aceite de oliva virgens Agua Preparaci\u00f3n Mezcla las harinas de trigo y de ma\u00edz y a\u00f1\u00e1deles sal [&hellip;]<\/p>\n","protected":false},"author":27,"featured_media":0,"parent":356,"menu_order":0,"comment_status":"closed","ping_status":"closed","template":"","meta":{"_bbp_topic_count":0,"_bbp_reply_count":0,"_bbp_total_topic_count":0,"_bbp_total_reply_count":0,"_bbp_voice_count":0,"_bbp_anonymous_reply_count":0,"_bbp_topic_count_hidden":0,"_bbp_reply_count_hidden":0,"_bbp_forum_subforum_count":0,"footnotes":""},"class_list":["post-1880","page","type-page","status-publish","hentry"],"_links":{"self":[{"href":"https:\/\/www.cobelen.es\/es\/wp-json\/wp\/v2\/pages\/1880"}],"collection":[{"href":"https:\/\/www.cobelen.es\/es\/wp-json\/wp\/v2\/pages"}],"about":[{"href":"https:\/\/www.cobelen.es\/es\/wp-json\/wp\/v2\/types\/page"}],"author":[{"embeddable":true,"href":"https:\/\/www.cobelen.es\/es\/wp-json\/wp\/v2\/users\/27"}],"replies":[{"embeddable":true,"href":"https:\/\/www.cobelen.es\/es\/wp-json\/wp\/v2\/comments?post=1880"}],"version-history":[{"count":2,"href":"https:\/\/www.cobelen.es\/es\/wp-json\/wp\/v2\/pages\/1880\/revisions"}],"predecessor-version":[{"id":1883,"href":"https:\/\/www.cobelen.es\/es\/wp-json\/wp\/v2\/pages\/1880\/revisions\/1883"}],"up":[{"embeddable":true,"href":"https:\/\/www.cobelen.es\/es\/wp-json\/wp\/v2\/pages\/356"}],"wp:attachment":[{"href":"https:\/\/www.cobelen.es\/es\/wp-json\/wp\/v2\/media?parent=1880"}],"curies":[{"name":"wp","href":"https:\/\/api.w.org\/{rel}","templated":true}]}}