{"id":1861,"date":"2018-01-19T12:02:47","date_gmt":"2018-01-19T11:02:47","guid":{"rendered":"https:\/\/www.cobelen.es\/es\/?page_id=1861"},"modified":"2018-01-19T12:38:18","modified_gmt":"2018-01-19T11:38:18","slug":"bloody-mary-pure-aceitunas-negras","status":"publish","type":"page","link":"https:\/\/www.cobelen.es\/es\/vida-sana\/recetas\/bloody-mary-pure-aceitunas-negras\/","title":{"rendered":"Bloody Mary con pur\u00e9 de aceitunas negras"},"content":{"rendered":"<div class=\"one_half\"><img loading=\"lazy\" decoding=\"async\" class=\"alignleft wp-image-795 size-full\" src=\"https:\/\/www.cobelen.es\/es\/wp-content\/uploads\/2018\/01\/Bloody-mary.png\" alt=\"Bloody-Mary-Con-Pure-De-Aceitunas-Negras\" width=\"550\" height=\"385\" \/><\/div>\n<div class=\"one_half last\">\n<h3>Ingredientes<\/h3>\n<ul>\n<li>400 ml. de zumo de tomate <\/li>\n<li>1 chorrito de Vodka <\/li>\n<li>Unas gotas de zumo de lim\u00f3n <\/li>\n<li>Unas gotas de caldo concentrado de carne <\/li>\n<li>Una gotas de salsa picante<\/li>\n<li>Sal de apio<\/li>\n<li>20 almendras sin tostar<\/li>\n<li>Sal<\/li>\n<li>Cebollino<\/li>\n<li>20 aceitunas negras <\/li>\n<li>2 lonchas de salm\u00f3n ahumado<\/li>\n<li>Aceite de oliva<\/li>\n<\/ul>\n<\/div>\n<div class=\"clear\"><\/div>\n<div class=\"margen-1\"><\/div>\n<h3>Preparaci\u00f3n<\/h3>\n<p>Primero, se realiza el pat\u00e9. Se retira el hueso de las aceitunas, se colocan en la batidora con aceite y se tritura. Una vez terminado, se extiende sobre las tostadas y se corta el salm\u00f3n en tiras para colocarlo encima.<\/p>\n<p>Se mezcla bien todos los ingredientes del Bloody Mary: Zumo de tomate, zumo de lim\u00f3n, 1 chorrito de salsa picante, el caldo concentrado de carne, sal de apio y un chorro de vodka.<\/p>\n<p>Para acompa\u00f1ar, se tuestan las almendras en una sart\u00e9n con unas gotas de aceite y sal. Adorna con el cebollino.<\/p>\n<p style=\"text-align: right;\">Fuente e imagen:\u00a0<a href=\"https:\/\/www.hogarmania.com\/cocina\/cocineros\/eva-arguinano\/201108\/blody-mary-pure-aceitunas-negras-9812.html\" target=\"_blank\" rel=\"noopener\">Hogarman\u00eda<\/a><\/p>\n","protected":false},"excerpt":{"rendered":"<p>Ingredientes 400 ml. de zumo de tomate 1 chorrito de Vodka Unas gotas de zumo de lim\u00f3n Unas gotas de caldo concentrado de carne Una gotas de salsa picante Sal de apio 20 almendras sin tostar Sal Cebollino 20 aceitunas negras 2 lonchas de salm\u00f3n ahumado Aceite de oliva Preparaci\u00f3n Primero, se realiza el pat\u00e9. [&hellip;]<\/p>\n","protected":false},"author":27,"featured_media":0,"parent":356,"menu_order":0,"comment_status":"closed","ping_status":"closed","template":"","meta":{"_bbp_topic_count":0,"_bbp_reply_count":0,"_bbp_total_topic_count":0,"_bbp_total_reply_count":0,"_bbp_voice_count":0,"_bbp_anonymous_reply_count":0,"_bbp_topic_count_hidden":0,"_bbp_reply_count_hidden":0,"_bbp_forum_subforum_count":0,"footnotes":""},"class_list":["post-1861","page","type-page","status-publish","hentry"],"_links":{"self":[{"href":"https:\/\/www.cobelen.es\/es\/wp-json\/wp\/v2\/pages\/1861"}],"collection":[{"href":"https:\/\/www.cobelen.es\/es\/wp-json\/wp\/v2\/pages"}],"about":[{"href":"https:\/\/www.cobelen.es\/es\/wp-json\/wp\/v2\/types\/page"}],"author":[{"embeddable":true,"href":"https:\/\/www.cobelen.es\/es\/wp-json\/wp\/v2\/users\/27"}],"replies":[{"embeddable":true,"href":"https:\/\/www.cobelen.es\/es\/wp-json\/wp\/v2\/comments?post=1861"}],"version-history":[{"count":2,"href":"https:\/\/www.cobelen.es\/es\/wp-json\/wp\/v2\/pages\/1861\/revisions"}],"predecessor-version":[{"id":1864,"href":"https:\/\/www.cobelen.es\/es\/wp-json\/wp\/v2\/pages\/1861\/revisions\/1864"}],"up":[{"embeddable":true,"href":"https:\/\/www.cobelen.es\/es\/wp-json\/wp\/v2\/pages\/356"}],"wp:attachment":[{"href":"https:\/\/www.cobelen.es\/es\/wp-json\/wp\/v2\/media?parent=1861"}],"curies":[{"name":"wp","href":"https:\/\/api.w.org\/{rel}","templated":true}]}}