{"id":1772,"date":"2017-10-23T11:15:06","date_gmt":"2017-10-23T09:15:06","guid":{"rendered":"https:\/\/www.cobelen.es\/es\/?page_id=1772"},"modified":"2017-10-23T11:22:20","modified_gmt":"2017-10-23T09:22:20","slug":"tapenade-aceitunas-negras","status":"publish","type":"page","link":"https:\/\/www.cobelen.es\/es\/vida-sana\/recetas\/tapenade-aceitunas-negras\/","title":{"rendered":"Tapenade de aceitunas negras"},"content":{"rendered":"<div class=\"one_half\"><img loading=\"lazy\" decoding=\"async\" class=\"aligncenter wp-image-1054 size-full\" src=\"https:\/\/www.cobelen.es\/es\/wp-content\/uploads\/2017\/10\/1366_2000-e1508750009841.jpg\" alt=\"Tapenade de aceitunas negras\" width=\"550\" height=\"385\" \/><\/div>\n<div class=\"one_half last\">\n<h3>Ingredientes<\/h3>\n<ul>\n<li>4 hojas de albahaca fresca<\/li>\n<li>Medio diente de ajo<\/li>\n<li>10 alcaparras<\/li>\n<li>1 filete de anchoa<\/li>\n<li>150 gr. de aceitunas negras<\/li>\n<li>80 ml. de aceite de oliva virgen extra<\/li>\n<\/ul>\n<\/div>\n<div class=\"clear\"><\/div>\n<div class=\"margen-1\"><\/div>\n<h3>Preparaci\u00f3n<\/h3>\n<p>Partimos el diente de ajo a la mitad y picamos las hojas de albahaca. Los echamos en el mortero o en la batidora junto con las alcaparras, el filete de anchoa y las aceitunas negras sin su hueso.<\/p>\n<p>Despu\u00e9s a\u00f1adimos dos cucharadas de aceite de oliva. Trituramos la mezcla, a\u00f1adiendo poco a poco el aceite en chorro fino hasta que tenga textura gruesa y se haya emulsionado el conjunto.<\/p>\n<p>Lo ponemos en fr\u00edo y lo acompa\u00f1amos con pan.<\/p>\n<p>&nbsp;<\/p>\n<p style=\"text-align: right;\">Fuente: <a href=\"https:\/\/www.directoalpaladar.com\/recetas-de-aperitivos\/como-hacer-tapenade-de-aceitunas-negras-receta\" target=\"_blank\" rel=\"noopener\">Directo al paladar<\/a><\/p>\n","protected":false},"excerpt":{"rendered":"<p>Ingredientes 4 hojas de albahaca fresca Medio diente de ajo 10 alcaparras 1 filete de anchoa 150 gr. de aceitunas negras 80 ml. de aceite de oliva virgen extra Preparaci\u00f3n Partimos el diente de ajo a la mitad y picamos las hojas de albahaca. Los echamos en el mortero o en la batidora junto con [&hellip;]<\/p>\n","protected":false},"author":27,"featured_media":0,"parent":356,"menu_order":0,"comment_status":"closed","ping_status":"closed","template":"","meta":{"_bbp_topic_count":0,"_bbp_reply_count":0,"_bbp_total_topic_count":0,"_bbp_total_reply_count":0,"_bbp_voice_count":0,"_bbp_anonymous_reply_count":0,"_bbp_topic_count_hidden":0,"_bbp_reply_count_hidden":0,"_bbp_forum_subforum_count":0,"footnotes":""},"class_list":["post-1772","page","type-page","status-publish","hentry"],"_links":{"self":[{"href":"https:\/\/www.cobelen.es\/es\/wp-json\/wp\/v2\/pages\/1772"}],"collection":[{"href":"https:\/\/www.cobelen.es\/es\/wp-json\/wp\/v2\/pages"}],"about":[{"href":"https:\/\/www.cobelen.es\/es\/wp-json\/wp\/v2\/types\/page"}],"author":[{"embeddable":true,"href":"https:\/\/www.cobelen.es\/es\/wp-json\/wp\/v2\/users\/27"}],"replies":[{"embeddable":true,"href":"https:\/\/www.cobelen.es\/es\/wp-json\/wp\/v2\/comments?post=1772"}],"version-history":[{"count":3,"href":"https:\/\/www.cobelen.es\/es\/wp-json\/wp\/v2\/pages\/1772\/revisions"}],"predecessor-version":[{"id":1776,"href":"https:\/\/www.cobelen.es\/es\/wp-json\/wp\/v2\/pages\/1772\/revisions\/1776"}],"up":[{"embeddable":true,"href":"https:\/\/www.cobelen.es\/es\/wp-json\/wp\/v2\/pages\/356"}],"wp:attachment":[{"href":"https:\/\/www.cobelen.es\/es\/wp-json\/wp\/v2\/media?parent=1772"}],"curies":[{"name":"wp","href":"https:\/\/api.w.org\/{rel}","templated":true}]}}