{"id":1753,"date":"2017-09-25T12:28:01","date_gmt":"2017-09-25T10:28:01","guid":{"rendered":"https:\/\/www.cobelen.es\/es\/?page_id=1753"},"modified":"2017-09-25T12:28:22","modified_gmt":"2017-09-25T10:28:22","slug":"pate-aceitunas-negras","status":"publish","type":"page","link":"https:\/\/www.cobelen.es\/es\/vida-sana\/recetas\/pate-aceitunas-negras\/","title":{"rendered":"Pat\u00e9 de aceitunas negras"},"content":{"rendered":"<div class=\"one_half\"><img loading=\"lazy\" decoding=\"async\" class=\"aligncenter wp-image-1054 size-full\" src=\"https:\/\/www.cobelen.es\/es\/wp-content\/uploads\/2017\/07\/verda.png\" alt=\"Aceitunas blancas en aceite virgen extra picantes.\" width=\"550\" height=\"385\" \/><\/div>\n<div class=\"one_half last\">\n<h3>Ingredientes<\/h3>\n<ul>\n<li>350 gr. de\u00a0aceitunas negras sin hueso escurridas<\/li>\n<li>100 gr. de\u00a0sardinas en aceite<\/li>\n<li>2 dientes de\u00a0ajos<\/li>\n<li>2 cucharas de\u00a0alcaparras peque\u00f1as<\/li>\n<li>12\u00a0alcaparras grandes<\/li>\n<li>Tomillo<\/li>\n<li>Romero<\/li>\n<li>2 cucharas de\u00a0aceite de oliva virgen extra<\/li>\n<li>1\/2\u00a0lim\u00f3n<\/li>\n<li>Pimienta negra molida<\/li>\n<li>Barra\u00a0pan integral con s\u00e9samo<\/li>\n<li>Sal<\/li>\n<\/ul>\n<\/div>\n<div class=\"clear\"><\/div>\n<div class=\"margen-1\"><\/div>\n<h3>Preparaci\u00f3n<\/h3>\n<p>Se ponen en el vaso batidor las aceitunas, las sardinas con su aceite, los ajos ya pelados y las alcaparras. Se va a\u00f1adiendo el aceite de oliva virgen extra, el zumo de lim\u00f3n, el tomillo, el romero y la pimienta negra molida al gusto.<\/p>\n<p>Todo junto, se tritura hasta obtener un pat\u00e9 fino al que se a\u00f1ade una pizca de sal. Untar en la barra de pan integral con s\u00e9samo y consumir.<\/p>\n<p>&nbsp;<\/p>\n<p style=\"text-align: right;\">Fuente: <a href=\"https:\/\/cookpad.com\/es\/recetas\/2934275-pate-de-aceitunas-negras\" target=\"_blank\" rel=\"noopener\">Cookpad<\/a><\/p>\n","protected":false},"excerpt":{"rendered":"<p>Ingredientes 350 gr. de\u00a0aceitunas negras sin hueso escurridas 100 gr. de\u00a0sardinas en aceite 2 dientes de\u00a0ajos 2 cucharas de\u00a0alcaparras peque\u00f1as 12\u00a0alcaparras grandes Tomillo Romero 2 cucharas de\u00a0aceite de oliva virgen extra 1\/2\u00a0lim\u00f3n Pimienta negra molida Barra\u00a0pan integral con s\u00e9samo Sal Preparaci\u00f3n Se ponen en el vaso batidor las aceitunas, las sardinas con su aceite, los [&hellip;]<\/p>\n","protected":false},"author":27,"featured_media":0,"parent":356,"menu_order":0,"comment_status":"closed","ping_status":"closed","template":"","meta":{"_bbp_topic_count":0,"_bbp_reply_count":0,"_bbp_total_topic_count":0,"_bbp_total_reply_count":0,"_bbp_voice_count":0,"_bbp_anonymous_reply_count":0,"_bbp_topic_count_hidden":0,"_bbp_reply_count_hidden":0,"_bbp_forum_subforum_count":0,"footnotes":""},"class_list":["post-1753","page","type-page","status-publish","hentry"],"_links":{"self":[{"href":"https:\/\/www.cobelen.es\/es\/wp-json\/wp\/v2\/pages\/1753"}],"collection":[{"href":"https:\/\/www.cobelen.es\/es\/wp-json\/wp\/v2\/pages"}],"about":[{"href":"https:\/\/www.cobelen.es\/es\/wp-json\/wp\/v2\/types\/page"}],"author":[{"embeddable":true,"href":"https:\/\/www.cobelen.es\/es\/wp-json\/wp\/v2\/users\/27"}],"replies":[{"embeddable":true,"href":"https:\/\/www.cobelen.es\/es\/wp-json\/wp\/v2\/comments?post=1753"}],"version-history":[{"count":2,"href":"https:\/\/www.cobelen.es\/es\/wp-json\/wp\/v2\/pages\/1753\/revisions"}],"predecessor-version":[{"id":1760,"href":"https:\/\/www.cobelen.es\/es\/wp-json\/wp\/v2\/pages\/1753\/revisions\/1760"}],"up":[{"embeddable":true,"href":"https:\/\/www.cobelen.es\/es\/wp-json\/wp\/v2\/pages\/356"}],"wp:attachment":[{"href":"https:\/\/www.cobelen.es\/es\/wp-json\/wp\/v2\/media?parent=1753"}],"curies":[{"name":"wp","href":"https:\/\/api.w.org\/{rel}","templated":true}]}}