{"id":1720,"date":"2017-08-16T11:54:20","date_gmt":"2017-08-16T09:54:20","guid":{"rendered":"https:\/\/www.cobelen.es\/es\/?page_id=1720"},"modified":"2017-08-16T11:54:51","modified_gmt":"2017-08-16T09:54:51","slug":"magdalenas-aceitunas-negras","status":"publish","type":"page","link":"https:\/\/www.cobelen.es\/es\/vida-sana\/recetas\/magdalenas-aceitunas-negras\/","title":{"rendered":"Magdalenas de aceitunas negras"},"content":{"rendered":"<div class=\"one_half\"><img loading=\"lazy\" decoding=\"async\" class=\"aligncenter wp-image-1054 size-full\" src=\"https:\/\/www.cobelen.es\/es\/wp-content\/uploads\/2017\/08\/magdalenas-aceitunas.png\" alt=\"Magdalenas de aceitunas negras.\" width=\"550\" height=\"385\" \/><\/div>\n<div class=\"one_half last\">\n<h3>Ingredientes<\/h3>\n<ul>\n<li>Aceitunas negras<\/li>\n<li>100 gr. de harina de reposter\u00eda<\/li>\n<li>100 gr. de az\u00facar<\/li>\n<li>5 gr. de levadura<\/li>\n<li>100 ml. de aceite de oliva<\/li>\n<li>35 ml. de leche<\/li>\n<li>2 huevos<\/li>\n<\/ul>\n<\/div>\n<div class=\"clear\"><\/div>\n<div class=\"margen-1\"><\/div>\n<h3>Preparaci\u00f3n<\/h3>\n<p>Se mezclan los huevos y el az\u00facar en un recipiente y se baten bien. Una vez batidos se a\u00f1ade la leche y el aceite hasta que se mezclan bien. Finalmente se incorporan la harina y la levadura.<\/p>\n<p>Se pican y se deshidratan las aceitunas en el microondas hasta que consideremos que est\u00e1n ya secas. Se a\u00f1aden a la masa y la vertimos en moldes de magdalenas. Se hornean durante 20 minutos a 200 grados. Ya est\u00e1 listo para consumir.<br \/>\n&nbsp;<\/p>\n<p style=\"text-align: right;\">Fuente: <a href=\"https:\/\/www.hogarmania.com\/cocina\/recetas\/postres\/201703\/magdalenas-aceitunas-negras-35289.html\" target=\"_blank\" rel=\"noopener\">Hogarmania<\/a><\/p>\n","protected":false},"excerpt":{"rendered":"<p>Ingredientes Aceitunas negras 100 gr. de harina de reposter\u00eda 100 gr. de az\u00facar 5 gr. de levadura 100 ml. de aceite de oliva 35 ml. de leche 2 huevos Preparaci\u00f3n Se mezclan los huevos y el az\u00facar en un recipiente y se baten bien. Una vez batidos se a\u00f1ade la leche y el aceite hasta [&hellip;]<\/p>\n","protected":false},"author":27,"featured_media":1721,"parent":356,"menu_order":0,"comment_status":"closed","ping_status":"closed","template":"","meta":{"_bbp_topic_count":0,"_bbp_reply_count":0,"_bbp_total_topic_count":0,"_bbp_total_reply_count":0,"_bbp_voice_count":0,"_bbp_anonymous_reply_count":0,"_bbp_topic_count_hidden":0,"_bbp_reply_count_hidden":0,"_bbp_forum_subforum_count":0,"footnotes":""},"class_list":["post-1720","page","type-page","status-publish","has-post-thumbnail","hentry"],"_links":{"self":[{"href":"https:\/\/www.cobelen.es\/es\/wp-json\/wp\/v2\/pages\/1720"}],"collection":[{"href":"https:\/\/www.cobelen.es\/es\/wp-json\/wp\/v2\/pages"}],"about":[{"href":"https:\/\/www.cobelen.es\/es\/wp-json\/wp\/v2\/types\/page"}],"author":[{"embeddable":true,"href":"https:\/\/www.cobelen.es\/es\/wp-json\/wp\/v2\/users\/27"}],"replies":[{"embeddable":true,"href":"https:\/\/www.cobelen.es\/es\/wp-json\/wp\/v2\/comments?post=1720"}],"version-history":[{"count":3,"href":"https:\/\/www.cobelen.es\/es\/wp-json\/wp\/v2\/pages\/1720\/revisions"}],"predecessor-version":[{"id":1724,"href":"https:\/\/www.cobelen.es\/es\/wp-json\/wp\/v2\/pages\/1720\/revisions\/1724"}],"up":[{"embeddable":true,"href":"https:\/\/www.cobelen.es\/es\/wp-json\/wp\/v2\/pages\/356"}],"wp:featuredmedia":[{"embeddable":true,"href":"https:\/\/www.cobelen.es\/es\/wp-json\/wp\/v2\/media\/1721"}],"wp:attachment":[{"href":"https:\/\/www.cobelen.es\/es\/wp-json\/wp\/v2\/media?parent=1720"}],"curies":[{"name":"wp","href":"https:\/\/api.w.org\/{rel}","templated":true}]}}