{"id":1700,"date":"2017-06-26T13:57:00","date_gmt":"2017-06-26T11:57:00","guid":{"rendered":"https:\/\/www.cobelen.es\/es\/?page_id=1700"},"modified":"2017-06-26T13:57:01","modified_gmt":"2017-06-26T11:57:01","slug":"ensalada-naranja-sanguino-aceitunas-negras","status":"publish","type":"page","link":"https:\/\/www.cobelen.es\/es\/vida-sana\/recetas\/ensalada-naranja-sanguino-aceitunas-negras\/","title":{"rendered":"Ensalada de naranja sanguino y aceitunas negras"},"content":{"rendered":"<div class=\"one_half\">\n<p><img loading=\"lazy\" decoding=\"async\" class=\"aligncenter wp-image-1325 size-full\" src=\"https:\/\/www.cobelen.es\/es\/wp-content\/uploads\/2017\/06\/AGUACATE.jpg\" width=\"1000\" height=\"835\" \/><\/p>\n<\/div>\n<div class=\"one_half last\">\n<h3>Ingredientes<\/h3>\n<ul>\n<li>30 aceitunas negras deshuesadas Cobel\u00e9n<\/li>\n<li>1 bulbo de hinojo<\/li>\n<li>3 naranjas sanguinas<\/li>\n<li>Media cebolla morada<\/li>\n<li>Medio aguacate<\/li>\n<li>60 gramos de reques\u00f3n<\/li>\n<li>Pimienta negra reci\u00e9n molida<\/li>\n<li>Aceite de Oliva Virgen Extra<\/li>\n<\/ul>\n<\/div>\n<div class=\"clear\"><\/div>\n<div class=\"margen-1\"><\/div>\n<h3>Preparaci\u00f3n<\/h3>\n<p>Para comenzar, pelamos el hinojo y lo cortamos en l\u00e1minas muy finas. Lo ponemos en un cuenco y aderezamos con sal y aceite de oliva virgen extra para despu\u00e9s mezclarlo bien. Reservamos y pelamos la cebolla morada bien fina. Incorporamos la cebolla al hinojo y mezclamos para que se impregne bien de todo el aderezo. De esta manera, se mezclar\u00e1n a la perfecci\u00f3n los sabores.<\/p>\n<p>A continuaci\u00f3n, pelamos las naranjas sanguinas. Para ello, hazlo sobre un plato en le que puedas recuperar el zumo, pues lo usaremos m\u00e1s adelante. Corta las naranjas en rodajas aproximadamente finas. <\/p>\n<p>Seguidamente, utiliza el zumo de las naranjas y vierte en \u00e9l un poco de aceite de oliva virgen extra, pimienta negra reci\u00e9n molida y sal. Mezclamos bien y reservamos para crear el aderezo de la ensalada. Para acabar, desmigamos el reques\u00f3n y pelamos y cortamos el aguacate en finas l\u00e1minas. <\/p>\n<p>&nbsp;<\/p>\n<p style=\"text-align: right;\">Fuente: <a href=\"https:\/\/gastronomiaycia.republica.com\/2012\/04\/01\/ensalada-de-hinojo-y-naranja-sanguina\/ \" target=\"_blank\">GastronomiayC\u00eda<\/a><\/p>\n<p style=\"text-align: right;\">Imagen: <a href=\"https:\/\/gastronomiaycia.republica.com\/2012\/04\/01\/ensalada-de-hinojo-y-naranja-sanguina\/ \" target=\"_blank\">Gastronom\u00edayC\u00eda<\/a><\/p>\n","protected":false},"excerpt":{"rendered":"<p>Ingredientes 30 aceitunas negras deshuesadas Cobel\u00e9n 1 bulbo de hinojo 3 naranjas sanguinas Media cebolla morada Medio aguacate 60 gramos de reques\u00f3n Pimienta negra reci\u00e9n molida Aceite de Oliva Virgen Extra Preparaci\u00f3n Para comenzar, pelamos el hinojo y lo cortamos en l\u00e1minas muy finas. Lo ponemos en un cuenco y aderezamos con sal y aceite [&hellip;]<\/p>\n","protected":false},"author":27,"featured_media":0,"parent":356,"menu_order":0,"comment_status":"closed","ping_status":"closed","template":"","meta":{"_bbp_topic_count":0,"_bbp_reply_count":0,"_bbp_total_topic_count":0,"_bbp_total_reply_count":0,"_bbp_voice_count":0,"_bbp_anonymous_reply_count":0,"_bbp_topic_count_hidden":0,"_bbp_reply_count_hidden":0,"_bbp_forum_subforum_count":0,"footnotes":""},"class_list":["post-1700","page","type-page","status-publish","hentry"],"_links":{"self":[{"href":"https:\/\/www.cobelen.es\/es\/wp-json\/wp\/v2\/pages\/1700"}],"collection":[{"href":"https:\/\/www.cobelen.es\/es\/wp-json\/wp\/v2\/pages"}],"about":[{"href":"https:\/\/www.cobelen.es\/es\/wp-json\/wp\/v2\/types\/page"}],"author":[{"embeddable":true,"href":"https:\/\/www.cobelen.es\/es\/wp-json\/wp\/v2\/users\/27"}],"replies":[{"embeddable":true,"href":"https:\/\/www.cobelen.es\/es\/wp-json\/wp\/v2\/comments?post=1700"}],"version-history":[{"count":1,"href":"https:\/\/www.cobelen.es\/es\/wp-json\/wp\/v2\/pages\/1700\/revisions"}],"predecessor-version":[{"id":1704,"href":"https:\/\/www.cobelen.es\/es\/wp-json\/wp\/v2\/pages\/1700\/revisions\/1704"}],"up":[{"embeddable":true,"href":"https:\/\/www.cobelen.es\/es\/wp-json\/wp\/v2\/pages\/356"}],"wp:attachment":[{"href":"https:\/\/www.cobelen.es\/es\/wp-json\/wp\/v2\/media?parent=1700"}],"curies":[{"name":"wp","href":"https:\/\/api.w.org\/{rel}","templated":true}]}}