{"id":1621,"date":"2017-05-22T13:55:01","date_gmt":"2017-05-22T11:55:01","guid":{"rendered":"https:\/\/www.cobelen.es\/es\/?page_id=1621"},"modified":"2017-05-22T13:55:01","modified_gmt":"2017-05-22T11:55:01","slug":"ensalada-cuscus-aceitunas-pimientos","status":"publish","type":"page","link":"https:\/\/www.cobelen.es\/es\/vida-sana\/recetas\/ensalada-cuscus-aceitunas-pimientos\/","title":{"rendered":"Ensalada de cusc\u00fas con aceitunas y pimientos"},"content":{"rendered":"<div class=\"one_half\"><img loading=\"lazy\" decoding=\"async\" class=\"aligncenter wp-image-1054 size-full\" src=\"https:\/\/www.cobelen.es\/es\/wp-content\/uploads\/2017\/05\/ENSALADA-DE-CUSCU\u0301S-e1495454022305.jpg\" alt=\"\" width=\"550\" height=\"385\" \/><\/div>\n<div class=\"one_half last\">\n<h3>Ingredientes<\/h3>\n<ul>\n<li>150 gramos de aceitunas negras deshuesadas Cobel\u00e9n<\/li>\n<li>250 gramos de cusc\u00fas<\/li>\n<li>250 gramos de caldo de pollo<\/li>\n<li>2limas<\/li>\n<li>1 lata de pimientos de piquillo<\/li>\n<li>1 lata de carne de cangrejo<\/li>\n<li>Sal<\/li>\n<li>Aceite de Oliva Virgen Extra<\/li>\n<li>Pimienta<\/li>\n<\/ul>\n<\/div>\n<div class=\"clear\"><\/div>\n<div class=\"margen-1\"><\/div>\n<h3>Preparaci\u00f3n<\/h3>\n<p>Para comenzar, troceamos los pimientos en cuadraditos y tambi\u00e9n hacemos lo mismo con las aceitunas deshuesadas. A continuaci\u00f3n, ponemos el cusc\u00fas en la ensaladera y a\u00f1adimos el caldo de pollo caliente. Dejamos reposar hasta que todo quede bien absorbido.<\/p>\n<p>Seguidamente, rallamos las dos limas y exprimimos el zumo. A\u00f1adimos los ingredientes que quedan poco a poco. Ali\u00f1amos con el zumo y las ralladuras que hemos obtenido de las limas, la sal y la pimienta con el aceite de oliva virgen extra. Removemos bien para que todo quede bien mezclado y compacto y servimos. <\/p>\n<p>&nbsp;<\/p>\n<p style=\"text-align: right;\">Fuente: <a href=\"http:\/\/www.telva.com\/cocina\/recetas\/ensaladas\/ensalada-de-cuscus-con-pimientos-y-aceitunas.html\" target=\"_blank\">Telva<\/a><\/p>\n<p style=\"text-align: right;\">Imagen: <a href=\"http:\/\/www.telva.com\/cocina\/recetas\/ensaladas\/ensalada-de-cuscus-con-pimientos-y-aceitunas.html\" target=\"_blank\">Telva<\/a><\/p>\n","protected":false},"excerpt":{"rendered":"<p>Ingredientes 150 gramos de aceitunas negras deshuesadas Cobel\u00e9n 250 gramos de cusc\u00fas 250 gramos de caldo de pollo 2limas 1 lata de pimientos de piquillo 1 lata de carne de cangrejo Sal Aceite de Oliva Virgen Extra Pimienta Preparaci\u00f3n Para comenzar, troceamos los pimientos en cuadraditos y tambi\u00e9n hacemos lo mismo con las aceitunas deshuesadas. [&hellip;]<\/p>\n","protected":false},"author":27,"featured_media":0,"parent":356,"menu_order":0,"comment_status":"closed","ping_status":"closed","template":"","meta":{"_bbp_topic_count":0,"_bbp_reply_count":0,"_bbp_total_topic_count":0,"_bbp_total_reply_count":0,"_bbp_voice_count":0,"_bbp_anonymous_reply_count":0,"_bbp_topic_count_hidden":0,"_bbp_reply_count_hidden":0,"_bbp_forum_subforum_count":0,"footnotes":""},"class_list":["post-1621","page","type-page","status-publish","hentry"],"_links":{"self":[{"href":"https:\/\/www.cobelen.es\/es\/wp-json\/wp\/v2\/pages\/1621"}],"collection":[{"href":"https:\/\/www.cobelen.es\/es\/wp-json\/wp\/v2\/pages"}],"about":[{"href":"https:\/\/www.cobelen.es\/es\/wp-json\/wp\/v2\/types\/page"}],"author":[{"embeddable":true,"href":"https:\/\/www.cobelen.es\/es\/wp-json\/wp\/v2\/users\/27"}],"replies":[{"embeddable":true,"href":"https:\/\/www.cobelen.es\/es\/wp-json\/wp\/v2\/comments?post=1621"}],"version-history":[{"count":2,"href":"https:\/\/www.cobelen.es\/es\/wp-json\/wp\/v2\/pages\/1621\/revisions"}],"predecessor-version":[{"id":1624,"href":"https:\/\/www.cobelen.es\/es\/wp-json\/wp\/v2\/pages\/1621\/revisions\/1624"}],"up":[{"embeddable":true,"href":"https:\/\/www.cobelen.es\/es\/wp-json\/wp\/v2\/pages\/356"}],"wp:attachment":[{"href":"https:\/\/www.cobelen.es\/es\/wp-json\/wp\/v2\/media?parent=1621"}],"curies":[{"name":"wp","href":"https:\/\/api.w.org\/{rel}","templated":true}]}}