{"id":1495,"date":"2016-12-21T12:55:16","date_gmt":"2016-12-21T11:55:16","guid":{"rendered":"https:\/\/www.cobelen.es\/es\/?page_id=1495"},"modified":"2016-12-21T12:55:16","modified_gmt":"2016-12-21T11:55:16","slug":"espirales-hojaldre-pasta-aceitunas-salmon-ahumado","status":"publish","type":"page","link":"https:\/\/www.cobelen.es\/es\/vida-sana\/recetas\/espirales-hojaldre-pasta-aceitunas-salmon-ahumado\/","title":{"rendered":"Espirales de hojaldre con pasta de aceitunas y salm\u00f3n ahumado"},"content":{"rendered":"<div class=\"one_half\"><img loading=\"lazy\" decoding=\"async\" class=\"aligncenter wp-image-1054 size-full\" src=\"https:\/\/www.cobelen.es\/es\/wp-content\/uploads\/2016\/12\/hojaldre-ESCALADO.jpg\" alt=\"\" width=\"550\" height=\"385\" \/><\/div>\n<div class=\"one_half last\">\n<h3>Ingredientes<\/h3>\n<ul>\n<li>Aceitunas negras sin hueso Cobel\u00e9n<\/li>\n<li>Plancha de Hojaldre<\/li>\n<li>2 cebollas<\/li>\n<li>Pasta de aceitunas (Tapenade)<\/li>\n<li>150 gr de salm\u00f3n ahumado<\/li>\n<li>Yema de huevo<\/li>\n<\/ul>\n<\/div>\n<div class=\"clear\"><\/div>\n<div class=\"margen-1\"><\/div>\n<h3>Preparaci\u00f3n<\/h3>\n<p>Para empezar, cortamos unas tiras de hojaldre en un tama\u00f1o de unos 3 cent\u00edmetros de ancho y unos 10 de longitud, aunque esto queda al gusto de cada uno, ya que se pueden hacer m\u00e1s grandes o m\u00e1s peque\u00f1os. Acto seguido, untamos generosamente las l\u00e1minas con el tapenade o pasta de aceituna y despu\u00e9s, ponemos unas tiras de salm\u00f3n ahumado para que cubran la mitad de la superficie.<\/p>\n<p>Doblamos las tiras por la mitad, as\u00ed de esta forma el hojaldre quedar\u00e1 por fuera. Vamos enrollando sobre s\u00ed mismas cuidadosamente para que no se deforme la construcci\u00f3n, hasta conseguir una espiral.<\/p>\n<p>Para finalizar, las barnizamos con un poco de yema de huevo y las horneamos a 220 grados en un horno calentado previamente hasta el punto en el que queden bien doradas (esto ser\u00e1 aproximadamente 10 minutos). <\/p>\n<p>&nbsp;<\/p>\n<p style=\"text-align: right;\">Fuente: <a href=\"http:\/\/www.directoalpaladar.com\/recetas-de-aperitivos\/espirales-de-hojaldre-de-tapenade-y-salmon-ahumado-receta-facil-de-aperitivo \" target=\"_blank\">Directo al Paladar<\/a><\/p>\n<p style=\"text-align: right;\">Imagen: <a href=\"http:\/\/www.directoalpaladar.com\/recetas-de-aperitivos\/espirales-de-hojaldre-de-tapenade-y-salmon-ahumado-receta-facil-de-aperitivo \" target=\"_blank\">Directo al paladar<\/a><\/p>\n","protected":false},"excerpt":{"rendered":"<p>Ingredientes Aceitunas negras sin hueso Cobel\u00e9n Plancha de Hojaldre 2 cebollas Pasta de aceitunas (Tapenade) 150 gr de salm\u00f3n ahumado Yema de huevo Preparaci\u00f3n Para empezar, cortamos unas tiras de hojaldre en un tama\u00f1o de unos 3 cent\u00edmetros de ancho y unos 10 de longitud, aunque esto queda al gusto de cada uno, ya que [&hellip;]<\/p>\n","protected":false},"author":27,"featured_media":0,"parent":356,"menu_order":0,"comment_status":"closed","ping_status":"closed","template":"","meta":{"_bbp_topic_count":0,"_bbp_reply_count":0,"_bbp_total_topic_count":0,"_bbp_total_reply_count":0,"_bbp_voice_count":0,"_bbp_anonymous_reply_count":0,"_bbp_topic_count_hidden":0,"_bbp_reply_count_hidden":0,"_bbp_forum_subforum_count":0,"footnotes":""},"class_list":["post-1495","page","type-page","status-publish","hentry"],"_links":{"self":[{"href":"https:\/\/www.cobelen.es\/es\/wp-json\/wp\/v2\/pages\/1495"}],"collection":[{"href":"https:\/\/www.cobelen.es\/es\/wp-json\/wp\/v2\/pages"}],"about":[{"href":"https:\/\/www.cobelen.es\/es\/wp-json\/wp\/v2\/types\/page"}],"author":[{"embeddable":true,"href":"https:\/\/www.cobelen.es\/es\/wp-json\/wp\/v2\/users\/27"}],"replies":[{"embeddable":true,"href":"https:\/\/www.cobelen.es\/es\/wp-json\/wp\/v2\/comments?post=1495"}],"version-history":[{"count":2,"href":"https:\/\/www.cobelen.es\/es\/wp-json\/wp\/v2\/pages\/1495\/revisions"}],"predecessor-version":[{"id":1540,"href":"https:\/\/www.cobelen.es\/es\/wp-json\/wp\/v2\/pages\/1495\/revisions\/1540"}],"up":[{"embeddable":true,"href":"https:\/\/www.cobelen.es\/es\/wp-json\/wp\/v2\/pages\/356"}],"wp:attachment":[{"href":"https:\/\/www.cobelen.es\/es\/wp-json\/wp\/v2\/media?parent=1495"}],"curies":[{"name":"wp","href":"https:\/\/api.w.org\/{rel}","templated":true}]}}