{"id":1297,"date":"2016-08-02T11:56:32","date_gmt":"2016-08-02T09:56:32","guid":{"rendered":"https:\/\/www.cobelen.es\/es\/?page_id=1297"},"modified":"2016-08-02T11:56:32","modified_gmt":"2016-08-02T09:56:32","slug":"crema-aceitunas-anchoas-queso","status":"publish","type":"page","link":"https:\/\/www.cobelen.es\/es\/vida-sana\/recetas\/crema-aceitunas-anchoas-queso\/","title":{"rendered":"Crema de aceitunas con anchoas y queso"},"content":{"rendered":"<div class=\"one_half\"><img loading=\"lazy\" decoding=\"async\" class=\"aligncenter wp-image-1054 size-full\" src=\"https:\/\/www.cobelen.es\/es\/wp-content\/uploads\/2016\/08\/crema-de-aceitunas-cobelen-receta.jpg\" alt=\"\" width=\"550\" height=\"385\" \/><\/div>\n<div class=\"one_half last\">\n<h3>Ingredientes<\/h3>\n<ul>\n<li>15 aceitunas verdes Cobel\u00e9n<\/li>\n<li>150 gr de queso de untar<\/li>\n<li>1 lata peque\u00f1a de filetes de anchoa<\/li>\n<li>Pimienta negra reci\u00e9n molida<\/li>\n<li>50 ml de aceite de oliva<\/li>\n<li>1 cucharada de zumo de lim\u00f3n<\/li>\n<\/ul>\n<\/div>\n<div class=\"clear\"><\/div>\n<div class=\"margen-1\"><\/div>\n<h3>Preparaci\u00f3n<\/h3>\n<p>Para empezar, corta todos los ingredientes en trozos peque\u00f1os para que a la hora de batirlos no quede ning\u00fan grumo. Aunque eso queda al gusto del consumidor, lo ideal ser\u00eda que tuviera una textura cremosa y ligera.<br \/>\nA continuaci\u00f3n, a\u00f1ade los ingredientes en el vaso de la batidora e incluye un poco del aceite de las anchoas. Despu\u00e9s trit\u00faralo hasta obtener una crema homog\u00e9nea.<br \/>\nPara finalizar, p\u00e1salo a un bol y d\u00e9jalo enfriar durante media hora en la nevera.<br \/>\nPuedes utilizar esta crema para mojar verduras, nachos, patatas o galletitas.<\/p>\n<p>&nbsp;<\/p>\n<p style=\"text-align: right;\">Fuente: <a href=\"http:\/\/www.hechosdehoy.com\/crema-de-aceitunas-para-mojar-crudites-nachos-patatas-o-galletas-53248.htm\" target=\"_blank\">Hechos de hoy<\/a><\/p>\n<p style=\"text-align: right;\">Imagen: <a href=\"https:\/\/www.cobelen.es\/es\/wp-content\/uploads\/2016\/08\/crema-de-aceitunas-cobelen-receta.jpg\" target=\"_blank\">Recetas Paraguay<\/a><\/p>\n","protected":false},"excerpt":{"rendered":"<p>Ingredientes 15 aceitunas verdes Cobel\u00e9n 150 gr de queso de untar 1 lata peque\u00f1a de filetes de anchoa Pimienta negra reci\u00e9n molida 50 ml de aceite de oliva 1 cucharada de zumo de lim\u00f3n Preparaci\u00f3n Para empezar, corta todos los ingredientes en trozos peque\u00f1os para que a la hora de batirlos no quede ning\u00fan grumo. [&hellip;]<\/p>\n","protected":false},"author":27,"featured_media":0,"parent":356,"menu_order":0,"comment_status":"closed","ping_status":"closed","template":"","meta":{"_bbp_topic_count":0,"_bbp_reply_count":0,"_bbp_total_topic_count":0,"_bbp_total_reply_count":0,"_bbp_voice_count":0,"_bbp_anonymous_reply_count":0,"_bbp_topic_count_hidden":0,"_bbp_reply_count_hidden":0,"_bbp_forum_subforum_count":0,"footnotes":""},"class_list":["post-1297","page","type-page","status-publish","hentry"],"_links":{"self":[{"href":"https:\/\/www.cobelen.es\/es\/wp-json\/wp\/v2\/pages\/1297"}],"collection":[{"href":"https:\/\/www.cobelen.es\/es\/wp-json\/wp\/v2\/pages"}],"about":[{"href":"https:\/\/www.cobelen.es\/es\/wp-json\/wp\/v2\/types\/page"}],"author":[{"embeddable":true,"href":"https:\/\/www.cobelen.es\/es\/wp-json\/wp\/v2\/users\/27"}],"replies":[{"embeddable":true,"href":"https:\/\/www.cobelen.es\/es\/wp-json\/wp\/v2\/comments?post=1297"}],"version-history":[{"count":2,"href":"https:\/\/www.cobelen.es\/es\/wp-json\/wp\/v2\/pages\/1297\/revisions"}],"predecessor-version":[{"id":1373,"href":"https:\/\/www.cobelen.es\/es\/wp-json\/wp\/v2\/pages\/1297\/revisions\/1373"}],"up":[{"embeddable":true,"href":"https:\/\/www.cobelen.es\/es\/wp-json\/wp\/v2\/pages\/356"}],"wp:attachment":[{"href":"https:\/\/www.cobelen.es\/es\/wp-json\/wp\/v2\/media?parent=1297"}],"curies":[{"name":"wp","href":"https:\/\/api.w.org\/{rel}","templated":true}]}}