{"id":1285,"date":"2016-07-25T10:56:04","date_gmt":"2016-07-25T08:56:04","guid":{"rendered":"https:\/\/www.cobelen.es\/es\/?page_id=1285"},"modified":"2016-07-25T12:16:53","modified_gmt":"2016-07-25T10:16:53","slug":"ternera-provenzal-aceitunas","status":"publish","type":"page","link":"https:\/\/www.cobelen.es\/es\/vida-sana\/recetas\/ternera-provenzal-aceitunas\/","title":{"rendered":"Ternera a la provenzal con aceitunas"},"content":{"rendered":"<div class=\"one_half\"><img loading=\"lazy\" decoding=\"async\" class=\"aligncenter wp-image-1054 size-full\" src=\"https:\/\/www.cobelen.es\/es\/wp-content\/uploads\/2016\/07\/ternera-a-la-provenzal-con-aceitunas-e1469436603139.jpg\" alt=\"\" width=\"550\" height=\"385\" \/><\/div>\n<div class=\"one_half last\">\n<h3>Ingredientes<\/h3>\n<ul>\n<li>20 aceitunas verdes Cobel\u00e9n<\/li>\n<li>500 g de ternera en trozos<\/li>\n<li>1 tomate maduro<\/li>\n<li>1 cebolla<\/li>\n<li>1 cucharada de hierbas provenzales<\/li>\n<li>Aceite de oliva<\/li>\n<li>Medio litro de agua<\/li>\n<li>1 ramillete de tomillo<\/li>\n<li>Pimienta negra molida<\/li>\n<li>Sal<\/li>\n<\/ul>\n<\/div>\n<div class=\"clear\"><\/div>\n<div class=\"margen-1\"><\/div>\n<h3>Preparaci\u00f3n<\/h3>\n<p>En primer lugar hay que picar la cebolla y fre\u00edrla con aceite de oliva virgen extra. Despu\u00e9s, cuando la cebolla est\u00e9 dorada, agregamos la carne troceada y la dejamos durante 5 minutos a fuego alto.<\/p>\n<p>Seguidamente, cortamos el tomate en peque\u00f1as piezas y lo echamos en la sart\u00e9n junto con la carne y la cebolla.<\/p>\n<p>Bajamos el fuego y removemos bien a la vez que sazonamos con las hierbas provenzales, sal y pimienta. Dejamos el fuego durante unos 5 minutos y despu\u00e9s agregamos las aceitunas Cobel\u00e9n y el agua.<\/p>\n<p>Lo mezclamos todo bien, a\u00f1adimos el tomillo y dejamos la olla medio tapada alrededor de una hora hasta que la carne est\u00e9 blanda.<\/p>\n<p>&nbsp;<\/p>\n<p style=\"text-align: right;\">Fuente: <a href=\"http:\/\/www.directoalpaladar.com\/recetas-de-carnes-y-aves\/ternera-a-la-provenzal-receta\" target=\"_blank\">Directo al paladar<\/a><\/p>\n<p style=\"text-align: right;\">Imagen: <a href=\"https:\/\/www.cobelen.es\/es\/wp-content\/uploads\/2016\/07\/ternera-a-la-provenzal-con-aceitunas-e1469436603139.jpg\" target=\"_blank\">Directo al paladar<\/a><\/p>\n","protected":false},"excerpt":{"rendered":"<p>Ingredientes 20 aceitunas verdes Cobel\u00e9n 500 g de ternera en trozos 1 tomate maduro 1 cebolla 1 cucharada de hierbas provenzales Aceite de oliva Medio litro de agua 1 ramillete de tomillo Pimienta negra molida Sal Preparaci\u00f3n En primer lugar hay que picar la cebolla y fre\u00edrla con aceite de oliva virgen extra. Despu\u00e9s, cuando [&hellip;]<\/p>\n","protected":false},"author":27,"featured_media":0,"parent":356,"menu_order":0,"comment_status":"closed","ping_status":"closed","template":"","meta":{"_bbp_topic_count":0,"_bbp_reply_count":0,"_bbp_total_topic_count":0,"_bbp_total_reply_count":0,"_bbp_voice_count":0,"_bbp_anonymous_reply_count":0,"_bbp_topic_count_hidden":0,"_bbp_reply_count_hidden":0,"_bbp_forum_subforum_count":0,"footnotes":""},"class_list":["post-1285","page","type-page","status-publish","hentry"],"_links":{"self":[{"href":"https:\/\/www.cobelen.es\/es\/wp-json\/wp\/v2\/pages\/1285"}],"collection":[{"href":"https:\/\/www.cobelen.es\/es\/wp-json\/wp\/v2\/pages"}],"about":[{"href":"https:\/\/www.cobelen.es\/es\/wp-json\/wp\/v2\/types\/page"}],"author":[{"embeddable":true,"href":"https:\/\/www.cobelen.es\/es\/wp-json\/wp\/v2\/users\/27"}],"replies":[{"embeddable":true,"href":"https:\/\/www.cobelen.es\/es\/wp-json\/wp\/v2\/comments?post=1285"}],"version-history":[{"count":1,"href":"https:\/\/www.cobelen.es\/es\/wp-json\/wp\/v2\/pages\/1285\/revisions"}],"predecessor-version":[{"id":1287,"href":"https:\/\/www.cobelen.es\/es\/wp-json\/wp\/v2\/pages\/1285\/revisions\/1287"}],"up":[{"embeddable":true,"href":"https:\/\/www.cobelen.es\/es\/wp-json\/wp\/v2\/pages\/356"}],"wp:attachment":[{"href":"https:\/\/www.cobelen.es\/es\/wp-json\/wp\/v2\/media?parent=1285"}],"curies":[{"name":"wp","href":"https:\/\/api.w.org\/{rel}","templated":true}]}}