{"id":1163,"date":"2016-05-18T13:31:19","date_gmt":"2016-05-18T11:31:19","guid":{"rendered":"https:\/\/www.cobelen.es\/es\/?page_id=1163"},"modified":"2016-05-18T16:40:26","modified_gmt":"2016-05-18T14:40:26","slug":"ramequin-pate-queso-aceitunas-negras","status":"publish","type":"page","link":"https:\/\/www.cobelen.es\/es\/vida-sana\/recetas\/ramequin-pate-queso-aceitunas-negras\/","title":{"rendered":"Ramequ\u00edn de pat\u00e9 con queso y aceitunas negras"},"content":{"rendered":"<div class=\"one_half\"><img loading=\"lazy\" decoding=\"async\" class=\"aligncenter wp-image-1054 size-full\" src=\"https:\/\/www.cobelen.es\/es\/wp-content\/uploads\/2015\/02\/ramequin-con-pate-de-queso-y-aceitunas-redimensionada.jpg\" alt=\"\" width=\"550\" height=\"385\" \/><\/div>\n<div class=\"one_half last\">\n<h3>Ingredientes<\/h3>\n<ul>\n<li>8 aceitunas Cobel\u00e9n<\/li>\n<li>125 gramos de queso cremoso<\/li>\n<li>50 gramos de foie<\/li>\n<li>Aceite de oliva<\/li>\n<li>1 rama de perejil rizado<\/li>\n<li>1 rama de cilantro<\/li>\n<li>Medio lim\u00f3n<\/li>\n<li>Sal<\/li>\n<li>Pimienta negra<\/li>\n<li>Pan<\/li>\n<\/ul>\n<\/div>\n<div class=\"clear\"><\/div>\n<div class=\"margen-1\"><\/div>\n<h3>Preparaci\u00f3n<\/h3>\n<p>Lo primero que hay que hacer es picar el perejil y el cilantro. Despu\u00e9s, en un bol mezcla el aceite de oliva con el queso, el zumo de lim\u00f3n, el perejil y el cilantro.<\/p>\n<p>Mezcla todos los ingredientes ayud\u00e1ndote de un tenedor y aseg\u00farate que el resultado es una masa homog\u00e9nea.<\/p>\n<p>Parte en trozos peque\u00f1os el foie gras y col\u00f3calos en el fondo de un ramequ\u00edn (recipiente peque\u00f1o de bordes rectos y altos). Pon encima parte de la crema de queso pero sin llenar del todo el ramequ\u00edn. Luego, pon otra tanda de daditos de foie y termina con m\u00e1s crema de queso.<\/p>\n<p>Corta las aceitunas negras sin hueso en dos mitades, o en aros, como m\u00e1s te gusten. Utiliza los trocitos de aceitunas para decorar el ramequ\u00edn y pon m\u00e1s perejil y cilantro por encima. Si te gusta el sabor de las especias puedes echarle un poco de pimienta negra o nuez moscada.<\/p>\n<p>Fr\u00ede el pan en una sart\u00e9n con mucho aceite de oliva, o si prefieres una opci\u00f3n menos cal\u00f3rica, haz dados con el pan y tu\u00e9stalos.<\/p>\n<p>Por \u00faltimo, sirve el ramequ\u00edn en el centro de la mesa y el pan tostado a un lado para que cada comensal coja peque\u00f1as porciones.<\/p>\n<p>&nbsp;<\/p>\n<p style=\"text-align: right;\">Fuente: <a href=\"http:\/\/www.demoslavueltaaldia.com\/receta\/ramequin-de-pate-con-queso-y-aceitunas\" target=\"_blank\">Demos la vuelta al d\u00eda<\/a><\/p>\n<p style=\"text-align: right;\">Imagen: <a href=\"http:\/\/www.demoslavueltaaldia.com\/sites\/default\/files\/styles\/recetas_listado\/public\/ramequin_de_pate_con_queso_y_aceitunas600x375.jpg?itok=s4neFvFa\" target=\"_blank\">Demos la vuelta al d\u00eda<\/a><\/p>\n","protected":false},"excerpt":{"rendered":"<p>Ingredientes 8 aceitunas Cobel\u00e9n 125 gramos de queso cremoso 50 gramos de foie Aceite de oliva 1 rama de perejil rizado 1 rama de cilantro Medio lim\u00f3n Sal Pimienta negra Pan Preparaci\u00f3n Lo primero que hay que hacer es picar el perejil y el cilantro. Despu\u00e9s, en un bol mezcla el aceite de oliva con [&hellip;]<\/p>\n","protected":false},"author":27,"featured_media":0,"parent":356,"menu_order":0,"comment_status":"closed","ping_status":"closed","template":"","meta":{"_bbp_topic_count":0,"_bbp_reply_count":0,"_bbp_total_topic_count":0,"_bbp_total_reply_count":0,"_bbp_voice_count":0,"_bbp_anonymous_reply_count":0,"_bbp_topic_count_hidden":0,"_bbp_reply_count_hidden":0,"_bbp_forum_subforum_count":0,"footnotes":""},"class_list":["post-1163","page","type-page","status-publish","hentry"],"_links":{"self":[{"href":"https:\/\/www.cobelen.es\/es\/wp-json\/wp\/v2\/pages\/1163"}],"collection":[{"href":"https:\/\/www.cobelen.es\/es\/wp-json\/wp\/v2\/pages"}],"about":[{"href":"https:\/\/www.cobelen.es\/es\/wp-json\/wp\/v2\/types\/page"}],"author":[{"embeddable":true,"href":"https:\/\/www.cobelen.es\/es\/wp-json\/wp\/v2\/users\/27"}],"replies":[{"embeddable":true,"href":"https:\/\/www.cobelen.es\/es\/wp-json\/wp\/v2\/comments?post=1163"}],"version-history":[{"count":3,"href":"https:\/\/www.cobelen.es\/es\/wp-json\/wp\/v2\/pages\/1163\/revisions"}],"predecessor-version":[{"id":1191,"href":"https:\/\/www.cobelen.es\/es\/wp-json\/wp\/v2\/pages\/1163\/revisions\/1191"}],"up":[{"embeddable":true,"href":"https:\/\/www.cobelen.es\/es\/wp-json\/wp\/v2\/pages\/356"}],"wp:attachment":[{"href":"https:\/\/www.cobelen.es\/es\/wp-json\/wp\/v2\/media?parent=1163"}],"curies":[{"name":"wp","href":"https:\/\/api.w.org\/{rel}","templated":true}]}}