{"id":1107,"date":"2016-03-11T12:35:02","date_gmt":"2016-03-11T11:35:02","guid":{"rendered":"https:\/\/www.cobelen.es\/es\/?page_id=1107"},"modified":"2016-03-11T12:39:47","modified_gmt":"2016-03-11T11:39:47","slug":"salmon-judias-verdes-aceitunas","status":"publish","type":"page","link":"https:\/\/www.cobelen.es\/es\/vida-sana\/recetas\/salmon-judias-verdes-aceitunas\/","title":{"rendered":"Salm\u00f3n con jud\u00edas verdes y aceitunas"},"content":{"rendered":"<div class=\"one_half\">\n<p><img loading=\"lazy\" decoding=\"async\" class=\"aligncenter wp-image-1108 size-full\" src=\"https:\/\/www.cobelen.es\/es\/wp-content\/uploads\/2016\/03\/Receta-salm\u00f3n-con-jud\u00edas-y-aceitunas-e1457696076555.jpg\" alt=\"\" width=\"480\" height=\"336\" \/><\/p>\n<\/div>\n<div class=\"one_half last\">\n<h3>Ingredientes<\/h3>\n<ul>\n<li>Un lomo de salm\u00f3n.<\/li>\n<li>150 g de jud\u00edas verdes redondas.<\/li>\n<li>Un pu\u00f1ado de aceitunas sin hueso Cobel\u00e9n.<\/li>\n<li>Romero.<\/li>\n<li>Ajo.<\/li>\n<li>Cebolla.<\/li>\n<li>Jugo de lim\u00f3n.<\/li>\n<li>Un lim\u00f3n.<\/li>\n<li>Sal.<\/li>\n<\/ul>\n<\/div>\n<div class=\"clear\"><\/div>\n<div class=\"margen-1\"><\/div>\n<h3>Preparaci\u00f3n<\/h3>\n<p>En un cazo con agua hirviendo vinagre y sal ponemos a cocer las jud\u00edas verdes redondas hasta que se reblandezcan. Reservamos.<\/p>\n<p>Mientras cocemos las jud\u00edas, en una sart\u00e9n picamos el ajo y la cebolla y hacemos un machado con romero para terminar a\u00f1adiendo las aceitunas (tambi\u00e9n en rodajas).<\/p>\n<p>Finalmente, pasamos el salm\u00f3n por la plancha aderezado con unas gotas de lim\u00f3n, dejando las rodajas para la presentaci\u00f3n del plato. Servimos en una fuente grande el salm\u00f3n con la guarnici\u00f3n de jud\u00edas y el machado de aceitunas.<\/p>\n<p>&nbsp;<\/p>\n<p style=\"text-align: right;\">Fuente e imagen:\u00a0<a href=\"http:\/\/tapasmagazine.es\/salmon-con-judias-verdes-y-aceitunas\/\" target=\"_blank\">Tapas Magazine<\/a><\/p>\n","protected":false},"excerpt":{"rendered":"<p>Ingredientes Un lomo de salm\u00f3n. 150 g de jud\u00edas verdes redondas. Un pu\u00f1ado de aceitunas sin hueso Cobel\u00e9n. Romero. Ajo. Cebolla. Jugo de lim\u00f3n. Un lim\u00f3n. Sal. Preparaci\u00f3n En un cazo con agua hirviendo vinagre y sal ponemos a cocer las jud\u00edas verdes redondas hasta que se reblandezcan. Reservamos. Mientras cocemos las jud\u00edas, en una [&hellip;]<\/p>\n","protected":false},"author":27,"featured_media":0,"parent":356,"menu_order":0,"comment_status":"closed","ping_status":"closed","template":"","meta":{"_bbp_topic_count":0,"_bbp_reply_count":0,"_bbp_total_topic_count":0,"_bbp_total_reply_count":0,"_bbp_voice_count":0,"_bbp_anonymous_reply_count":0,"_bbp_topic_count_hidden":0,"_bbp_reply_count_hidden":0,"_bbp_forum_subforum_count":0,"footnotes":""},"class_list":["post-1107","page","type-page","status-publish","hentry"],"_links":{"self":[{"href":"https:\/\/www.cobelen.es\/es\/wp-json\/wp\/v2\/pages\/1107"}],"collection":[{"href":"https:\/\/www.cobelen.es\/es\/wp-json\/wp\/v2\/pages"}],"about":[{"href":"https:\/\/www.cobelen.es\/es\/wp-json\/wp\/v2\/types\/page"}],"author":[{"embeddable":true,"href":"https:\/\/www.cobelen.es\/es\/wp-json\/wp\/v2\/users\/27"}],"replies":[{"embeddable":true,"href":"https:\/\/www.cobelen.es\/es\/wp-json\/wp\/v2\/comments?post=1107"}],"version-history":[{"count":5,"href":"https:\/\/www.cobelen.es\/es\/wp-json\/wp\/v2\/pages\/1107\/revisions"}],"predecessor-version":[{"id":1110,"href":"https:\/\/www.cobelen.es\/es\/wp-json\/wp\/v2\/pages\/1107\/revisions\/1110"}],"up":[{"embeddable":true,"href":"https:\/\/www.cobelen.es\/es\/wp-json\/wp\/v2\/pages\/356"}],"wp:attachment":[{"href":"https:\/\/www.cobelen.es\/es\/wp-json\/wp\/v2\/media?parent=1107"}],"curies":[{"name":"wp","href":"https:\/\/api.w.org\/{rel}","templated":true}]}}