{"id":1028,"date":"2015-12-10T13:53:42","date_gmt":"2015-12-10T12:53:42","guid":{"rendered":"https:\/\/www.cobelen.es\/es\/?page_id=1028"},"modified":"2015-12-10T14:00:30","modified_gmt":"2015-12-10T13:00:30","slug":"pastel-de-calabaza-queso-y-aceitunas","status":"publish","type":"page","link":"https:\/\/www.cobelen.es\/es\/vida-sana\/recetas\/pastel-de-calabaza-queso-y-aceitunas\/","title":{"rendered":"Pastel de calabaza, queso y aceitunas"},"content":{"rendered":"<div class=\"one_half\"><img loading=\"lazy\" decoding=\"async\" class=\"aligncenter wp-image-1033 size-full\" src=\"https:\/\/www.cobelen.es\/es\/wp-content\/uploads\/2015\/12\/Receta-pastel-de-calabaza-queso-y-aceitunas.jpg\" alt=\"\" width=\"550\" height=\"384\" srcset=\"https:\/\/www.cobelen.es\/es\/wp-content\/uploads\/2015\/12\/Receta-pastel-de-calabaza-queso-y-aceitunas.jpg 550w, https:\/\/www.cobelen.es\/es\/wp-content\/uploads\/2015\/12\/Receta-pastel-de-calabaza-queso-y-aceitunas-300x209.jpg 300w\" sizes=\"(max-width: 550px) 100vw, 550px\" \/><\/div>\n<div class=\"one_half last\">\n<h3>Ingredientes<\/h3>\n<ul>\n<ul>\n<li>1 calabaza.<\/li>\n<li>1 huevo.<\/li>\n<li>200 gramos de queso fresco.<\/li>\n<li>200 gramos de queso rallado.<\/li>\n<\/ul>\n<\/ul>\n<p>Aceitunas Cobel\u00e9n.<\/p>\n<ul>\n<li>Manteca y leche para preparar el pur\u00e9.<\/li>\n<\/ul>\n<p>&nbsp;<\/p>\n<\/div>\n<div class=\"clear\"><\/div>\n<div class=\"margen-1\"><\/div>\n<h3>Preparaci\u00f3n<\/h3>\n<p>El primer paso es elaborar el tradicional pur\u00e9 de calabaza. Para ello hay que hervir y escurrir la calabaza. Despu\u00e9s se agrega la leche, la manteca y la sal en cantidades necesarias.<\/p>\n<p>A continuaci\u00f3n, se coloca el pur\u00e9 en un recipiente apto para horno y se mezclan los dos tipos de queso. No olvidar agregar un huevo. Se lleva al horno durante 15 minutos.<\/p>\n<p>Para terminar se agrega queso por la superficie y pedacitos de aceituna.<\/p>\n<p>Ideal para acompa\u00f1ar con una buena porci\u00f3n de carne, o bien, agregarle m\u00e1s verduras y comerlo como plato \u00fanico.<\/p>\n<p style=\"text-align: right;\">Fuente e imagen: <a href=\"http:\/\/www.pronto.com.ar\/articulo\/cocina\/pastel-calabaza-queso-y-aceitunas\/20151123120537196031.html\" target=\"_blank\">Pronto<\/a><\/p>\n","protected":false},"excerpt":{"rendered":"<p>Ingredientes 1 calabaza. 1 huevo. 200 gramos de queso fresco. 200 gramos de queso rallado. Aceitunas Cobel\u00e9n. Manteca y leche para preparar el pur\u00e9. &nbsp; Preparaci\u00f3n El primer paso es elaborar el tradicional pur\u00e9 de calabaza. Para ello hay que hervir y escurrir la calabaza. Despu\u00e9s se agrega la leche, la manteca y la sal [&hellip;]<\/p>\n","protected":false},"author":27,"featured_media":0,"parent":356,"menu_order":0,"comment_status":"open","ping_status":"open","template":"","meta":{"_bbp_topic_count":0,"_bbp_reply_count":0,"_bbp_total_topic_count":0,"_bbp_total_reply_count":0,"_bbp_voice_count":0,"_bbp_anonymous_reply_count":0,"_bbp_topic_count_hidden":0,"_bbp_reply_count_hidden":0,"_bbp_forum_subforum_count":0,"footnotes":""},"class_list":["post-1028","page","type-page","status-publish","hentry"],"_links":{"self":[{"href":"https:\/\/www.cobelen.es\/es\/wp-json\/wp\/v2\/pages\/1028"}],"collection":[{"href":"https:\/\/www.cobelen.es\/es\/wp-json\/wp\/v2\/pages"}],"about":[{"href":"https:\/\/www.cobelen.es\/es\/wp-json\/wp\/v2\/types\/page"}],"author":[{"embeddable":true,"href":"https:\/\/www.cobelen.es\/es\/wp-json\/wp\/v2\/users\/27"}],"replies":[{"embeddable":true,"href":"https:\/\/www.cobelen.es\/es\/wp-json\/wp\/v2\/comments?post=1028"}],"version-history":[{"count":5,"href":"https:\/\/www.cobelen.es\/es\/wp-json\/wp\/v2\/pages\/1028\/revisions"}],"predecessor-version":[{"id":1030,"href":"https:\/\/www.cobelen.es\/es\/wp-json\/wp\/v2\/pages\/1028\/revisions\/1030"}],"up":[{"embeddable":true,"href":"https:\/\/www.cobelen.es\/es\/wp-json\/wp\/v2\/pages\/356"}],"wp:attachment":[{"href":"https:\/\/www.cobelen.es\/es\/wp-json\/wp\/v2\/media?parent=1028"}],"curies":[{"name":"wp","href":"https:\/\/api.w.org\/{rel}","templated":true}]}}